{"id":947,"date":"2022-02-21T16:09:45","date_gmt":"2022-02-21T19:09:45","guid":{"rendered":"https:\/\/imagimaker.com.br\/?page_id=947"},"modified":"2022-03-01T15:52:11","modified_gmt":"2022-03-01T18:52:11","slug":"947-2","status":"publish","type":"page","link":"https:\/\/imagimaker.com.br\/index.php\/947-2\/","title":{"rendered":"Marinheirofanti &#8211; brinquedos de aprender"},"content":{"rendered":"\n<section class=\"wp-block-uagb-section uagb-section__wrap uagb-section__background-color uagb-block-08e83bb4\"><div class=\"uagb-section__overlay\"><\/div><div class=\"uagb-section__inner-wrap\">\n<div class=\"wp-block-columns is-layout-flex wp-container-3\">\n<div class=\"wp-block-column is-layout-flow\">\n<h1 class=\"has-text-color wp-block-heading\" style=\"color:#ffcc00\">MARINHEIRO FANTI <\/h1>\n\n\n\n<div class=\"wp-block-uagb-info-box uagb-infobox__outer-wrap uagb-block-b21dfd21\"><div class=\"uagb-infobox__content-wrap uagb-infobox uagb-infobox-has-icon uagb-infobox-icon-above-title uagb-infobox-image-valign-top uagb-infobox-enable-border-radius \"><div class=\"uagb-ifb-left-right-wrap\"><div class=\"uagb-ifb-content\"><div class=\"uagb-ifb-title-wrap\"><\/div><div class=\"uagb-ifb-text-wrap\"><p class=\"uagb-ifb-desc\">Brinquedos que contribuem para o desenvolvimento dos nossos pequenos e pequenas. <br><\/p><\/div><\/div><\/div><\/div><\/div>\n<\/div>\n\n\n\n<div class=\"wp-block-column is-layout-flow\">\n<h3 class=\"has-text-color has-text-align-right wp-block-heading\" style=\"color:#ffcc00\">  <a href=\"http:\/\/intagram.com\/marinheirofanti\" target=\"_blank\" rel=\"noreferrer noopener\" aria-label=\" (abre numa nova aba)\">nosso instagram <\/a> | <a href=\"http:\/\/wa.me\/5541998552980\">whats<\/a> <\/h3>\n<\/div>\n<\/div>\n<\/div><\/section>\n\n\n\n<section class=\"wp-block-uagb-section uagb-section__wrap uagb-section__background-color uagb-block-7cceda36\"><div class=\"uagb-section__overlay\"><\/div><div class=\"uagb-section__inner-wrap\">\n<section class=\"wp-block-uagb-section uagb-section__wrap uagb-section__background-color uagb-block-c809f6ea\"><div class=\"uagb-section__overlay\"><\/div><div class=\"uagb-section__inner-wrap\">\n<figure class=\"wp-block-image size-large\"><img decoding=\"async\" loading=\"lazy\" width=\"1024\" height=\"599\" src=\"https:\/\/imagimaker.com.br\/wp-content\/uploads\/2022\/02\/CABE\u00c7A-2-1024x599.jpg\" alt=\"\" class=\"wp-image-970\" srcset=\"https:\/\/imagimaker.com.br\/wp-content\/uploads\/2022\/02\/CABE\u00c7A-2-1024x599.jpg 1024w, https:\/\/imagimaker.com.br\/wp-content\/uploads\/2022\/02\/CABE\u00c7A-2-300x175.jpg 300w, https:\/\/imagimaker.com.br\/wp-content\/uploads\/2022\/02\/CABE\u00c7A-2-768x449.jpg 768w, https:\/\/imagimaker.com.br\/wp-content\/uploads\/2022\/02\/CABE\u00c7A-2.jpg 1028w\" sizes=\"(max-width: 1024px) 100vw, 1024px\" \/><\/figure>\n\n\n\n<section class=\"wp-block-uagb-section uagb-section__wrap uagb-section__background-undefined uagb-block-85705615\"><div class=\"uagb-section__overlay\"><\/div><div class=\"uagb-section__inner-wrap\">\n<p><\/p>\n<\/div><\/section>\n\n\n\n<p>Kit para construir seu brinquedo =&gt;   Kit meu trenzinho | Kit meu avi\u00e3ozinho     <\/p>\n\n\n\n<p>L\u00f3gica e criatividade  = &gt;  Kit Tangram ( jogo)  |  Tangram  | Quebra-cabe\u00e7a Tetris | Katamin\u00f3 | Sesafio 3X4<br><br>Criatividade, cordena\u00e7\u00e3o motora e autoestima = &gt; Quadrinho 3D = &gt; Quadrinhos para alinhavar | <\/p>\n\n\n\n<p>Brinquedos de P\u00e1scoa      |      Brinquedos de Natal <\/p>\n<\/div><\/section>\n\n\n\n<div class=\"wp-block-uagb-info-box uagb-infobox__outer-wrap uagb-block-9ff62f6a\"><div class=\"uagb-infobox__content-wrap uagb-infobox uagb-infobox-has-icon uagb-infobox-icon-above-title uagb-infobox-image-valign-top uagb-infobox-enable-border-radius \"><div class=\"uagb-ifb-left-right-wrap\"><div class=\"uagb-ifb-content\"><div class=\"uagb-ifb-image-icon-content uagb-ifb-imgicon-wrap\"><div class=\"uagb-ifb-icon-wrap\"><span class=\"uagb-ifb-icon\"><svg xmlns=\"http:\/\/www.w3.org\/2000\/svg\" viewbox=\"0 0 576 512\"><path d=\"M259.3 17.8L194 150.2 47.9 171.5c-26.2 3.8-36.7 36.1-17.7 54.6l105.7 103-25 145.5c-4.5 26.3 23.2 46 46.4 33.7L288 439.6l130.7 68.7c23.2 12.2 50.9-7.4 46.4-33.7l-25-145.5 105.7-103c19-18.5 8.5-50.8-17.7-54.6L382 150.2 316.7 17.8c-11.7-23.6-45.6-23.9-57.4 0z\"><\/path><\/svg><\/span><\/div><\/div><div class=\"uagb-ifb-title-wrap\"><h3 class=\"uagb-ifb-title\">Acompanhe nosso trabalho. <\/h3><\/div><div class=\"uagb-ifb-separator-parent\"><div class=\"uagb-ifb-separator\"><\/div><\/div><div class=\"uagb-ifb-text-wrap\"><p class=\"uagb-ifb-desc\">A Marinheiro Fanti \u00e9 uma empresa em constru\u00e7\u00e3o, temos muitos objetivos e muitos novos brinquedos para lan\u00e7ar. <br>Nos acompanhe nas redes sociais para ficar por dentro de tudo isso.<br>   <a rel=\"noreferrer noopener\" href=\"http:\/\/intagram.com\/marinheirofanti\" target=\"_blank\">nosso instagram <\/a> | <a href=\"http:\/\/wa.me\/5541998552980\">whats<\/a>  <br><\/p><\/div><\/div><\/div><\/div><\/div>\n<\/div><\/section>\n\n\n\n<p><\/p>\n","protected":false},"excerpt":{"rendered":"","protected":false},"author":3,"featured_media":0,"parent":0,"menu_order":0,"comment_status":"closed","ping_status":"closed","template":"","meta":{"_uag_custom_page_level_css":""},"uagb_featured_image_src":{"full":false,"thumbnail":false,"medium":false,"medium_large":false,"large":false,"1536x1536":false,"2048x2048":false,"img-1100-450":false,"img-1120-800":false,"img-870-440":false,"img-850-600":false,"img-480-380":false,"img-300-225":false,"img-75-75":false},"uagb_author_info":{"display_name":"Ana Pscheidt","author_link":"https:\/\/imagimaker.com.br\/index.php\/author\/ana-pscheidt\/"},"uagb_comment_info":0,"uagb_excerpt":null,"_links":{"self":[{"href":"https:\/\/imagimaker.com.br\/index.php\/wp-json\/wp\/v2\/pages\/947"}],"collection":[{"href":"https:\/\/imagimaker.com.br\/index.php\/wp-json\/wp\/v2\/pages"}],"about":[{"href":"https:\/\/imagimaker.com.br\/index.php\/wp-json\/wp\/v2\/types\/page"}],"author":[{"embeddable":true,"href":"https:\/\/imagimaker.com.br\/index.php\/wp-json\/wp\/v2\/users\/3"}],"replies":[{"embeddable":true,"href":"https:\/\/imagimaker.com.br\/index.php\/wp-json\/wp\/v2\/comments?post=947"}],"version-history":[{"count":28,"href":"https:\/\/imagimaker.com.br\/index.php\/wp-json\/wp\/v2\/pages\/947\/revisions"}],"predecessor-version":[{"id":999,"href":"https:\/\/imagimaker.com.br\/index.php\/wp-json\/wp\/v2\/pages\/947\/revisions\/999"}],"wp:attachment":[{"href":"https:\/\/imagimaker.com.br\/index.php\/wp-json\/wp\/v2\/media?parent=947"}],"curies":[{"name":"wp","href":"https:\/\/api.w.org\/{rel}","templated":true}]}}