{"id":845,"date":"2020-08-12T11:55:05","date_gmt":"2020-08-12T14:55:05","guid":{"rendered":"https:\/\/imagimaker.com.br\/?page_id=845"},"modified":"2020-08-17T23:02:06","modified_gmt":"2020-08-18T02:02:06","slug":"microbit","status":"publish","type":"page","link":"https:\/\/imagimaker.com.br\/index.php\/microbit\/","title":{"rendered":"Programa\u00e7\u00e3o com micro:bit"},"content":{"rendered":"\n<section class=\"wp-block-uagb-section uagb-section__wrap uagb-section__background-image uagb-block-49efab00\"><div class=\"uagb-section__overlay\"><\/div><div class=\"uagb-section__inner-wrap\">\n<div class=\"wp-block-uagb-info-box uagb-infobox__outer-wrap uagb-block-6de454e9\"><div class=\"uagb-infobox__content-wrap uagb-infobox uagb-infobox-has-icon uagb-infobox-icon-above-title uagb-infobox-image-valign-top uagb-infobox-enable-border-radius \"><div class=\"uagb-ifb-left-right-wrap\"><div class=\"uagb-ifb-content\"><div class=\"uagb-ifb-title-wrap\"><h1 class=\"uagb-ifb-title\">  Curso: Programando e explorando na sua casa! <\/h1><\/div><div class=\"uagb-ifb-separator-parent\"><div class=\"uagb-ifb-separator\"><\/div><\/div><div class=\"uagb-ifb-text-wrap\"><p class=\"uagb-ifb-desc\">O curso <strong>programando e explorando t<\/strong>em o objetivo de ensinar programa\u00e7\u00e3o, usando  muita m\u00e3o massa, com um kit  decomponentes eletr\u00f4nicos criado pela ImagiMaker especialmente para realizar projetos muito divertidos com a micro:bit.<br><br> Voc\u00ea esta adquirindo um produto completo, n\u00e3o \u00e9 apenas atividade online e n\u00e3o \u00e9 apenas um kit!  <br><br><\/p><\/div><\/div><\/div><\/div><\/div>\n\n\n\n<p><\/p>\n<\/div><\/section>\n\n\n\n<section class=\"wp-block-uagb-section uagb-section__wrap uagb-section__background-color uagb-block-a2181581\"><div class=\"uagb-section__overlay\"><\/div><div class=\"uagb-section__inner-wrap\">\n<section class=\"wp-block-uagb-columns uagb-columns__wrap uagb-columns__background-none uagb-columns__stack-mobile uagb-columns__valign-undefined uagb-columns__gap-10 alignundefined uagb-block-facd2fb0\"><div class=\"uagb-columns__overlay\"><\/div><div class=\"uagb-columns__inner-wrap uagb-columns__columns-2\">\n<div class=\"wp-block-uagb-column uagb-column__wrap uagb-column__background-undefined uagb-block-df5d0941\"><div class=\"uagb-column__overlay\"><\/div><div class=\"uagb-column__inner-wrap\">\n<p><\/p>\n<\/div><\/div>\n\n\n\n<div class=\"wp-block-uagb-column uagb-column__wrap uagb-column__background-undefined uagb-block-be5e6d0a\"><div class=\"uagb-column__overlay\"><\/div><div class=\"uagb-column__inner-wrap\"><\/div><\/div>\n<\/div><\/section>\n<\/div><\/section>\n\n\n\n<section class=\"wp-block-uagb-section uagb-section__wrap uagb-section__background-color uagb-block-2dcd9d16\" id=\"uagb-section-8aac3161-06aa-48b2-97ac-68e48e169752\"><div class=\"uagb-section__overlay\"><\/div><div class=\"uagb-section__inner-wrap\">\n<h2 class=\"wp-block-heading\">COMO FUNCIONA ?<\/h2>\n\n\n\n<section class=\"wp-block-uagb-columns uagb-columns__wrap uagb-columns__background-undefined uagb-columns__stack-mobile uagb-columns__valign-undefined uagb-columns__gap-10 alignwide uagb-block-048de951\" id=\"uagb-columns-a6443bb6-362e-4ee4-a9bb-0975230490a8\"><div class=\"uagb-columns__overlay\"><\/div><div class=\"uagb-columns__inner-wrap uagb-columns__columns-3\">\n<div class=\"wp-block-uagb-column uagb-column__wrap uagb-column__background-color uagb-block-9785025c\"><div class=\"uagb-column__overlay\"><\/div><div class=\"uagb-column__inner-wrap\">\n<div class=\"wp-block-uagb-info-box uagb-infobox__outer-wrap uagb-block-5a5ae111\"><div class=\"uagb-infobox__content-wrap uagb-infobox uagb-infobox-has-image uagb-infobox-icon-above-title uagb-infobox-image-valign-top uagb-infobox-enable-border-radius \"><div class=\"uagb-ifb-left-right-wrap\"><div class=\"uagb-ifb-content\"><div class=\"uagb-ifb-image-icon-content uagb-ifb-imgicon-wrap\"><div class=\"uagb-ifb-image\"><div class=\"uagb-ifb-image-content\"><img decoding=\"async\" class=\"\" src=\"https:\/\/imagimaker.com.br\/wp-content\/uploads\/2020\/08\/logo-300x51.png\" alt=\"\"\/><\/div><\/div><\/div><div class=\"uagb-ifb-title-wrap\"><\/div><div class=\"uagb-ifb-text-wrap\"><\/div><\/div><\/div><\/div><\/div>\n\n\n\n<div class=\"wp-block-image\"><figure class=\"aligncenter size-large\"><img decoding=\"async\" loading=\"lazy\" width=\"431\" height=\"364\" src=\"https:\/\/imagimaker.com.br\/wp-content\/uploads\/2020\/01\/microbit-front.png\" alt=\"\" class=\"wp-image-332\" srcset=\"https:\/\/imagimaker.com.br\/wp-content\/uploads\/2020\/01\/microbit-front.png 431w, https:\/\/imagimaker.com.br\/wp-content\/uploads\/2020\/01\/microbit-front-300x253.png 300w\" sizes=\"(max-width: 431px) 100vw, 431px\" \/><\/figure><\/div>\n\n\n\n<div class=\"wp-block-uagb-info-box uagb-infobox__outer-wrap uagb-block-33dd74e8\" id=\"uagb-infobox-df66b44f-6794-45bb-ac80-baabc9f4b8ff\"><div class=\"uagb-infobox__content-wrap uagb-infobox uagb-infobox-has-icon uagb-infobox-icon-above-title uagb-infobox-image-valign-top uagb-infobox-enable-border-radius \"><div class=\"uagb-ifb-left-right-wrap\"><div class=\"uagb-ifb-content\"><div class=\"uagb-ifb-title-wrap\"><\/div><div class=\"uagb-ifb-text-wrap\"><p class=\"uagb-ifb-desc\"> A micro:bit \u00e9 uma placa de desenvolvimento, tamb\u00e9m chamada de computador de bolso e foi desenvolvida para para ensinar crian\u00e7as e adolescentes a programar de forma divertida e criativa! Com ela \u00e9 poss\u00edvel aprender sobre tecnologia,  programa\u00e7\u00e3o, matem\u00e1tica, ci\u00eancias e ainda criar projetos incr\u00edveis. <br> Neste curso vamos desenvolver  diversos projetos com a micro:bit, aprender a programar e muito mais:  <br> <br><br><\/p><\/div><\/div><\/div><\/div><\/div>\n<\/div><\/div>\n\n\n\n<div class=\"wp-block-uagb-column uagb-column__wrap uagb-column__background-color uagb-block-d1ea11e0\"><div class=\"uagb-column__overlay\"><\/div><div class=\"uagb-column__inner-wrap\">\n<div class=\"wp-block-uagb-info-box uagb-infobox__outer-wrap uagb-block-cd7fc9f9\"><div class=\"uagb-infobox__content-wrap uagb-infobox uagb-infobox-has-icon uagb-infobox-icon-above-title uagb-infobox-image-valign-top uagb-infobox-enable-border-radius \"><div class=\"uagb-ifb-left-right-wrap\"><div class=\"uagb-ifb-content\"><div class=\"uagb-ifb-title-wrap\"><h1 class=\"uagb-ifb-title\">Kit STARTER MICRO:BIT  <\/h1><\/div><div class=\"uagb-ifb-text-wrap\"><\/div><\/div><\/div><\/div><\/div>\n\n\n\n<figure class=\"wp-block-image size-large is-style-circle-mask\"><img decoding=\"async\" loading=\"lazy\" width=\"1024\" height=\"682\" src=\"https:\/\/imagimaker.com.br\/wp-content\/uploads\/2020\/08\/IMG_6872-1024x682.jpg\" alt=\"\" class=\"wp-image-929\" srcset=\"https:\/\/imagimaker.com.br\/wp-content\/uploads\/2020\/08\/IMG_6872-1024x682.jpg 1024w, https:\/\/imagimaker.com.br\/wp-content\/uploads\/2020\/08\/IMG_6872-300x200.jpg 300w, https:\/\/imagimaker.com.br\/wp-content\/uploads\/2020\/08\/IMG_6872-768x511.jpg 768w, https:\/\/imagimaker.com.br\/wp-content\/uploads\/2020\/08\/IMG_6872-1536x1023.jpg 1536w, https:\/\/imagimaker.com.br\/wp-content\/uploads\/2020\/08\/IMG_6872-2048x1364.jpg 2048w\" sizes=\"(max-width: 1024px) 100vw, 1024px\" \/><\/figure>\n\n\n\n<div class=\"wp-block-uagb-info-box uagb-infobox__outer-wrap uagb-block-4b67dcfc\"><div class=\"uagb-infobox__content-wrap uagb-infobox uagb-infobox-has-icon uagb-infobox-icon-above-title uagb-infobox-image-valign-top uagb-infobox-enable-border-radius \"><div class=\"uagb-ifb-left-right-wrap\"><div class=\"uagb-ifb-content\"><div class=\"uagb-ifb-title-wrap\"><\/div><div class=\"uagb-ifb-text-wrap\"><p class=\"uagb-ifb-desc\"> <br>O  kit  educativo STARTER MICRO:BIT conta com um dispositivo micro:bi.t e muitos outros componentes eletr\u00f4nicos, como cabo USB, suporte de baterias,  cabos de conex\u00e3o , leds coloridos,  emissor de som e etc. <br><br><\/p><\/div><\/div><\/div><\/div><\/div>\n<\/div><\/div>\n\n\n\n<div class=\"wp-block-uagb-column uagb-column__wrap uagb-column__background-undefined uagb-block-ea53beb5\"><div class=\"uagb-column__overlay\"><\/div><div class=\"uagb-column__inner-wrap\">\n<div class=\"wp-block-uagb-info-box uagb-infobox__outer-wrap uagb-block-8867420d\"><div class=\"uagb-infobox__content-wrap uagb-infobox uagb-infobox-has-icon uagb-infobox-icon-above-title uagb-infobox-image-valign-top uagb-infobox-enable-border-radius \"><div class=\"uagb-ifb-left-right-wrap\"><div class=\"uagb-ifb-content\"><div class=\"uagb-ifb-title-wrap\"><h1 class=\"uagb-ifb-title\">Kit STARTER MICRO:BIT  <\/h1><\/div><div class=\"uagb-ifb-text-wrap\"><\/div><\/div><\/div><\/div><\/div>\n\n\n\n<figure class=\"wp-block-image size-large is-style-default\"><img decoding=\"async\" loading=\"lazy\" width=\"300\" height=\"200\" src=\"https:\/\/imagimaker.com.br\/wp-content\/uploads\/2020\/08\/children-593313_1280-300x200-1.jpg\" alt=\"\" class=\"wp-image-876\"\/><\/figure>\n\n\n\n<div class=\"wp-block-uagb-info-box uagb-infobox__outer-wrap uagb-block-31f0f3ed\"><div class=\"uagb-infobox__content-wrap uagb-infobox uagb-infobox-has-icon uagb-infobox-icon-above-title uagb-infobox-image-valign-top uagb-infobox-enable-border-radius \"><div class=\"uagb-ifb-left-right-wrap\"><div class=\"uagb-ifb-content\"><div class=\"uagb-ifb-title-wrap\"><\/div><div class=\"uagb-ifb-text-wrap\"><p class=\"uagb-ifb-desc\"><br>Adiquirindo o kit voc\u00ea e recebe o curso de 4 aulas online (1h e 30min cada) . <br>Nessas aulas o aluno ir\u00e1 aprender:<br> Aprender\u00e1 a  instalar e usar suas micro:bit , tera todo o acompanhamento para aprender a programar seus primeiros projetos na plataforma Makecode.<br>E ainda vai construir seus primeiros projetos com componentes eletronicos. <br><br><\/p><\/div><\/div><\/div><\/div><\/div>\n\n\n\n<p><\/p>\n<\/div><\/div>\n<\/div><\/section>\n<\/div><\/section>\n\n\n\n<section class=\"wp-block-uagb-section uagb-section__wrap uagb-section__background-undefined uagb-block-3f7e440c\"><div class=\"uagb-section__overlay\"><\/div><div class=\"uagb-section__inner-wrap\"><\/div><\/section>\n\n\n\n<section class=\"wp-block-uagb-section uagb-section__wrap uagb-section__background-undefined uagb-block-a44e6cfa\"><div class=\"uagb-section__overlay\"><\/div><div class=\"uagb-section__inner-wrap\">\n<section class=\"wp-block-uagb-columns uagb-columns__wrap uagb-columns__background-undefined uagb-columns__stack-mobile uagb-columns__valign-undefined uagb-columns__gap-10 alignundefined uagb-block-054a51ed\"><div class=\"uagb-columns__overlay\"><\/div><div class=\"uagb-columns__inner-wrap uagb-columns__columns-2\">\n<div class=\"wp-block-uagb-column uagb-column__wrap uagb-column__background-undefined uagb-block-e9fc3421\"><div class=\"uagb-column__overlay\"><\/div><div class=\"uagb-column__inner-wrap\">\n<div class=\"wp-block-uagb-info-box uagb-infobox__outer-wrap uagb-block-801ecdf6\"><div class=\"uagb-infobox__content-wrap uagb-infobox uagb-infobox-has-icon uagb-infobox-icon-above-title uagb-infobox-image-valign-top uagb-infobox-enable-border-radius \"><div class=\"uagb-ifb-left-right-wrap\"><div class=\"uagb-ifb-content\"><div class=\"uagb-ifb-image-icon-content uagb-ifb-imgicon-wrap\"><div class=\"uagb-ifb-icon-wrap\"><span class=\"uagb-ifb-icon\"><svg xmlns=\"http:\/\/www.w3.org\/2000\/svg\" viewbox=\"0 0 576 512\"><path d=\"M259.3 17.8L194 150.2 47.9 171.5c-26.2 3.8-36.7 36.1-17.7 54.6l105.7 103-25 145.5c-4.5 26.3 23.2 46 46.4 33.7L288 439.6l130.7 68.7c23.2 12.2 50.9-7.4 46.4-33.7l-25-145.5 105.7-103c19-18.5 8.5-50.8-17.7-54.6L382 150.2 316.7 17.8c-11.7-23.6-45.6-23.9-57.4 0z\"><\/path><\/svg><\/span><\/div><\/div><div class=\"uagb-ifb-title-wrap\"><span class=\"uagb-ifb-title-prefix\"> Curso de 6 horas online + kit  Starter<\/span><h3 class=\"uagb-ifb-title\">Curso Programando e inventando com a micro:bit <\/h3><\/div><div class=\"uagb-ifb-separator-parent\"><div class=\"uagb-ifb-separator\"><\/div><\/div><div class=\"uagb-ifb-text-wrap\"><p class=\"uagb-ifb-desc\">Voc\u00ea ira adquirir o kit Starter , e recebe o curso de 4 aulas online (1h e 30min cada) . <br>Nessas aulas o aluno ir\u00e1 aprender:<br><strong>Programa\u00e7\u00e3o<\/strong>:  Instru\u00e7\u00f5es para come\u00e7ar a programar na plataforma Makecode.<br> <strong>MIcro:bit <\/strong>Aprender\u00e1 a  instalar e usar suas micro:bit <br><strong>Projetos<\/strong>:  Princ\u00edpios de eletr\u00f4nica para construir seus primeiros projetos, com a micro:bit e os componentes do kit <br><br>Conte\u00fado  das aulas<br>Aula 1  &#8211;  Conhecendo a micro:bit<br>Conhecendo o makecode, plataforma de programa\u00e7\u00e3o. <br>Primeiro projeto: Demonstrando emo\u00e7\u00f5es com a matriz de LED<br>Criando um dado eletr\u00f4nico , sando os bot\u00f5es da micro:bit <br><br><\/p><\/div><\/div><\/div><\/div><\/div>\n<\/div><\/div>\n\n\n\n<div class=\"wp-block-uagb-column uagb-column__wrap uagb-column__background-undefined uagb-block-60b5b4e6\"><div class=\"uagb-column__overlay\"><\/div><div class=\"uagb-column__inner-wrap\"><\/div><\/div>\n<\/div><\/section>\n<\/div><\/section>\n\n\n\n<div class=\"wp-block-cover has-background-dim-70 has-background-dim\" style=\"background-image:url(https:\/\/imagimaker.com.br\/wp-content\/uploads\/2020\/08\/microbit-2242373_1920-1024x768.jpg)\"><div class=\"wp-block-cover__inner-container\">\n<div class=\"wp-block-uagb-info-box uagb-infobox__outer-wrap uagb-block-50748ec1\"><div class=\"uagb-infobox__content-wrap uagb-infobox uagb-infobox-has-icon uagb-infobox-icon-above-title uagb-infobox-image-valign-top uagb-infobox-enable-border-radius \"><div class=\"uagb-ifb-left-right-wrap\"><div class=\"uagb-ifb-content\"><div class=\"uagb-ifb-image-icon-content uagb-ifb-imgicon-wrap\"><div class=\"uagb-ifb-icon-wrap\"><span class=\"uagb-ifb-icon\"><svg xmlns=\"http:\/\/www.w3.org\/2000\/svg\" viewbox=\"0 0 384 512\"><path d=\"M384 121.941V128H256V0h6.059c6.365 0 12.47 2.529 16.971 7.029l97.941 97.941A24.005 24.005 0 0 1 384 121.941zM248 160c-13.2 0-24-10.8-24-24V0H24C10.745 0 0 10.745 0 24v464c0 13.255 10.745 24 24 24h336c13.255 0 24-10.745 24-24V160H248zM123.206 400.505a5.4 5.4 0 0 1-7.633.246l-64.866-60.812a5.4 5.4 0 0 1 0-7.879l64.866-60.812a5.4 5.4 0 0 1 7.633.246l19.579 20.885a5.4 5.4 0 0 1-.372 7.747L101.65 336l40.763 35.874a5.4 5.4 0 0 1 .372 7.747l-19.579 20.884zm51.295 50.479l-27.453-7.97a5.402 5.402 0 0 1-3.681-6.692l61.44-211.626a5.402 5.402 0 0 1 6.692-3.681l27.452 7.97a5.4 5.4 0 0 1 3.68 6.692l-61.44 211.626a5.397 5.397 0 0 1-6.69 3.681zm160.792-111.045l-64.866 60.812a5.4 5.4 0 0 1-7.633-.246l-19.58-20.885a5.4 5.4 0 0 1 .372-7.747L284.35 336l-40.763-35.874a5.4 5.4 0 0 1-.372-7.747l19.58-20.885a5.4 5.4 0 0 1 7.633-.246l64.866 60.812a5.4 5.4 0 0 1-.001 7.879z\"><\/path><\/svg><\/span><\/div><\/div><div class=\"uagb-ifb-title-wrap\"><h3 class=\"uagb-ifb-title\"> <em>&#8220;Todo mundo deveria aprender a programar um computador porque isso ensina voc\u00ea a pensar&#8221;<\/em>. <br>Steve Jobs<\/h3><\/div><div class=\"uagb-ifb-separator-parent\"><div class=\"uagb-ifb-separator\"><\/div><\/div><div class=\"uagb-ifb-text-wrap\"><\/div><\/div><\/div><\/div><\/div>\n<\/div><\/div>\n\n\n\n<section class=\"wp-block-uagb-section uagb-section__wrap uagb-section__background-undefined uagb-block-8e429081\"><div class=\"uagb-section__overlay\"><\/div><div class=\"uagb-section__inner-wrap\">\n<div class=\"wp-block-uagb-info-box uagb-infobox__outer-wrap uagb-block-1964dca7\"><div class=\"uagb-infobox__content-wrap uagb-infobox uagb-infobox-has-icon uagb-infobox-icon-above-title uagb-infobox-image-valign-top uagb-infobox-enable-border-radius \"><div class=\"uagb-ifb-left-right-wrap\"><div class=\"uagb-ifb-content\"><div class=\"uagb-ifb-image-icon-content uagb-ifb-imgicon-wrap\"><div class=\"uagb-ifb-icon-wrap\"><span class=\"uagb-ifb-icon\"><svg xmlns=\"http:\/\/www.w3.org\/2000\/svg\" viewbox=\"0 0 576 512\"><path d=\"M259.3 17.8L194 150.2 47.9 171.5c-26.2 3.8-36.7 36.1-17.7 54.6l105.7 103-25 145.5c-4.5 26.3 23.2 46 46.4 33.7L288 439.6l130.7 68.7c23.2 12.2 50.9-7.4 46.4-33.7l-25-145.5 105.7-103c19-18.5 8.5-50.8-17.7-54.6L382 150.2 316.7 17.8c-11.7-23.6-45.6-23.9-57.4 0z\"><\/path><\/svg><\/span><\/div><\/div><div class=\"uagb-ifb-title-wrap\"><span class=\"uagb-ifb-title-prefix\">Prefix<\/span><h3 class=\"uagb-ifb-title\">Aprender programa\u00e7\u00e3o \u00e9 um investimento para o fututro <\/h3><\/div><div class=\"uagb-ifb-separator-parent\"><div class=\"uagb-ifb-separator\"><\/div><\/div><div class=\"uagb-ifb-text-wrap\"><p class=\"uagb-ifb-desc\">A inteligencia artificial entre outras tecnologias est\u00e3o dominando os processos produtivos. Cada vez mais as  grandes empresas de varias \u00e1reas como financeira, medica, produtiva  e etc.  est\u00e3o se atualizado e incluindo  inteligencia artificial e a ci\u00eancia de dados para otimizar seus processos. <br>No futuro os profissionais  ter\u00e3o que dominar conceitos de programa\u00e7\u00e3o e tecnologia para se enquadrar nesse novo mundo. Ou seja, aprender programa\u00e7\u00e3o hoje \u00e9 um investimento para ter sucesso profissional no futuro, seja  qual for a profiss\u00e3o escolhida <br><\/p><\/div><\/div><\/div><\/div><\/div>\n<\/div><\/section>\n\n\n\n<section class=\"wp-block-uagb-section uagb-section__wrap uagb-section__background-undefined uagb-block-5c4a9597\"><div class=\"uagb-section__overlay\"><\/div><div class=\"uagb-section__inner-wrap\">\n<section class=\"wp-block-uagb-columns uagb-columns__wrap uagb-columns__background-undefined uagb-columns__stack-mobile uagb-columns__valign-undefined uagb-columns__gap-10 alignundefined uagb-block-7f38c39a\"><div class=\"uagb-columns__overlay\"><\/div><div class=\"uagb-columns__inner-wrap uagb-columns__columns-4\">\n<div class=\"wp-block-uagb-column uagb-column__wrap uagb-column__background-undefined uagb-block-8c9cb702\"><div class=\"uagb-column__overlay\"><\/div><div class=\"uagb-column__inner-wrap\">\n<div class=\"wp-block-uagb-info-box uagb-infobox__outer-wrap uagb-block-cb115ba8\"><div class=\"uagb-infobox__content-wrap uagb-infobox uagb-infobox-has-icon uagb-infobox-icon-above-title uagb-infobox-image-valign-top uagb-infobox-enable-border-radius \"><div class=\"uagb-ifb-left-right-wrap\"><div class=\"uagb-ifb-content\"><div class=\"uagb-ifb-image-icon-content uagb-ifb-imgicon-wrap\"><div class=\"uagb-ifb-icon-wrap\"><span class=\"uagb-ifb-icon\"><svg xmlns=\"http:\/\/www.w3.org\/2000\/svg\" viewbox=\"0 0 576 512\"><path d=\"M528 32H48C21.5 32 0 53.5 0 80v352c0 26.5 21.5 48 48 48h480c26.5 0 48-21.5 48-48V80c0-26.5-21.5-48-48-48zm-352 96c35.3 0 64 28.7 64 64s-28.7 64-64 64-64-28.7-64-64 28.7-64 64-64zm112 236.8c0 10.6-10 19.2-22.4 19.2H86.4C74 384 64 375.4 64 364.8v-19.2c0-31.8 30.1-57.6 67.2-57.6h5c12.3 5.1 25.7 8 39.8 8s27.6-2.9 39.8-8h5c37.1 0 67.2 25.8 67.2 57.6v19.2zM512 312c0 4.4-3.6 8-8 8H360c-4.4 0-8-3.6-8-8v-16c0-4.4 3.6-8 8-8h144c4.4 0 8 3.6 8 8v16zm0-64c0 4.4-3.6 8-8 8H360c-4.4 0-8-3.6-8-8v-16c0-4.4 3.6-8 8-8h144c4.4 0 8 3.6 8 8v16zm0-64c0 4.4-3.6 8-8 8H360c-4.4 0-8-3.6-8-8v-16c0-4.4 3.6-8 8-8h144c4.4 0 8 3.6 8 8v16z\"><\/path><\/svg><\/span><\/div><\/div><div class=\"uagb-ifb-title-wrap\"><span class=\"uagb-ifb-title-prefix\">Prefix<\/span><h3 class=\"uagb-ifb-title\"> Aula 1 <br>Conhecendo a placa <\/h3><\/div><div class=\"uagb-ifb-separator-parent\"><div class=\"uagb-ifb-separator\"><\/div><\/div><div class=\"uagb-ifb-text-wrap\"><p class=\"uagb-ifb-desc\"> Conhecendo a micro:bit.<br>Conhecendo o makecode, (plataforma de programa\u00e7\u00e3o. )<br><br>Projetos da aula:   <br>Programando para aparecer meu nome na micro:bit<br><br>Demonstrando emo\u00e7\u00f5es com a matriz de LED.<br><br><br>.<\/p><\/div><\/div><\/div><\/div><\/div>\n<\/div><\/div>\n\n\n\n<div class=\"wp-block-uagb-column uagb-column__wrap uagb-column__background-color uagb-block-60529c33\"><div class=\"uagb-column__overlay\"><\/div><div class=\"uagb-column__inner-wrap\">\n<div class=\"wp-block-uagb-info-box uagb-infobox__outer-wrap uagb-block-a94475b5\"><div class=\"uagb-infobox__content-wrap uagb-infobox uagb-infobox-has-icon uagb-infobox-icon-above-title uagb-infobox-image-valign-top uagb-infobox-enable-border-radius \"><div class=\"uagb-ifb-left-right-wrap\"><div class=\"uagb-ifb-content\"><div class=\"uagb-ifb-image-icon-content uagb-ifb-imgicon-wrap\"><div class=\"uagb-ifb-icon-wrap\"><span class=\"uagb-ifb-icon\"><svg xmlns=\"http:\/\/www.w3.org\/2000\/svg\" viewbox=\"0 0 640 512\"><path d=\"M278.9 511.5l-61-17.7c-6.4-1.8-10-8.5-8.2-14.9L346.2 8.7c1.8-6.4 8.5-10 14.9-8.2l61 17.7c6.4 1.8 10 8.5 8.2 14.9L293.8 503.3c-1.9 6.4-8.5 10.1-14.9 8.2zm-114-112.2l43.5-46.4c4.6-4.9 4.3-12.7-.8-17.2L117 256l90.6-79.7c5.1-4.5 5.5-12.3.8-17.2l-43.5-46.4c-4.5-4.8-12.1-5.1-17-.5L3.8 247.2c-5.1 4.7-5.1 12.8 0 17.5l144.1 135.1c4.9 4.6 12.5 4.4 17-.5zm327.2.6l144.1-135.1c5.1-4.7 5.1-12.8 0-17.5L492.1 112.1c-4.8-4.5-12.4-4.3-17 .5L431.6 159c-4.6 4.9-4.3 12.7.8 17.2L523 256l-90.6 79.7c-5.1 4.5-5.5 12.3-.8 17.2l43.5 46.4c4.5 4.9 12.1 5.1 17 .6z\"><\/path><\/svg><\/span><\/div><\/div><div class=\"uagb-ifb-title-wrap\"><span class=\"uagb-ifb-title-prefix\">Prefix<\/span><h3 class=\"uagb-ifb-title\">  Aula 2 <br>L\u00f3gica <\/h3><\/div><div class=\"uagb-ifb-separator-parent\"><div class=\"uagb-ifb-separator\"><\/div><\/div><div class=\"uagb-ifb-text-wrap\"><p class=\"uagb-ifb-desc\"><br> Conhecendo as condi\u00e7\u00f5es l\u00f3gicas <br> <br>Aprendendo a guardar informa\u00e7\u00f5es, <br><br>Como usar o tempo na sua micro:bit   <br><br> <br>Projeto da aula <br><br> Programando uma contagem regressiva. <br><br>Criando um dado eletr\u00f4nico . <\/p><\/div><\/div><\/div><\/div><\/div>\n<\/div><\/div>\n\n\n\n<div class=\"wp-block-uagb-column uagb-column__wrap uagb-column__background-undefined uagb-block-80fa19c4\"><div class=\"uagb-column__overlay\"><\/div><div class=\"uagb-column__inner-wrap\">\n<div class=\"wp-block-uagb-info-box uagb-infobox__outer-wrap uagb-block-38ded12f\"><div class=\"uagb-infobox__content-wrap uagb-infobox uagb-infobox-has-icon uagb-infobox-icon-above-title uagb-infobox-image-valign-top uagb-infobox-enable-border-radius \"><div class=\"uagb-ifb-left-right-wrap\"><div class=\"uagb-ifb-content\"><div class=\"uagb-ifb-image-icon-content uagb-ifb-imgicon-wrap\"><div class=\"uagb-ifb-icon-wrap\"><span class=\"uagb-ifb-icon\"><svg xmlns=\"http:\/\/www.w3.org\/2000\/svg\" viewbox=\"0 0 640 512\"><path d=\"M480.07 96H160a160 160 0 1 0 114.24 272h91.52A160 160 0 1 0 480.07 96zM248 268a12 12 0 0 1-12 12h-52v52a12 12 0 0 1-12 12h-24a12 12 0 0 1-12-12v-52H84a12 12 0 0 1-12-12v-24a12 12 0 0 1 12-12h52v-52a12 12 0 0 1 12-12h24a12 12 0 0 1 12 12v52h52a12 12 0 0 1 12 12zm216 76a40 40 0 1 1 40-40 40 40 0 0 1-40 40zm64-96a40 40 0 1 1 40-40 40 40 0 0 1-40 40z\"><\/path><\/svg><\/span><\/div><\/div><div class=\"uagb-ifb-title-wrap\"><span class=\"uagb-ifb-title-prefix\">Prefix<\/span><h3 class=\"uagb-ifb-title\">Info Box<\/h3><\/div><div class=\"uagb-ifb-separator-parent\"><div class=\"uagb-ifb-separator\"><\/div><\/div><div class=\"uagb-ifb-text-wrap\"><p class=\"uagb-ifb-desc\"> Programando jogos na sua micro:bit<br><br>Programando e brincando com Som<br><br><br>Projeto da aula<br><br>jogando par ou impar com sua micro:bit<br><br>Jogo da rea\u00e7\u00e3o, quem aperta primeiro? <\/p><\/div><\/div><\/div><\/div><\/div>\n<\/div><\/div>\n\n\n\n<div class=\"wp-block-uagb-column uagb-column__wrap uagb-column__background-color uagb-block-6f05b08d\"><div class=\"uagb-column__overlay\"><\/div><div class=\"uagb-column__inner-wrap\">\n<div class=\"wp-block-uagb-info-box uagb-infobox__outer-wrap uagb-block-0aea0aba\"><div class=\"uagb-infobox__content-wrap uagb-infobox uagb-infobox-has-icon uagb-infobox-icon-above-title uagb-infobox-image-valign-top uagb-infobox-enable-border-radius \"><div class=\"uagb-ifb-left-right-wrap\"><div class=\"uagb-ifb-content\"><div class=\"uagb-ifb-image-icon-content uagb-ifb-imgicon-wrap\"><div class=\"uagb-ifb-icon-wrap\"><span class=\"uagb-ifb-icon\"><svg xmlns=\"http:\/\/www.w3.org\/2000\/svg\" viewbox=\"0 0 640 512\"><path d=\"M150.94 192h33.73c11.01 0 18.61-10.83 14.86-21.18-4.93-13.58-7.55-27.98-7.55-42.82s2.62-29.24 7.55-42.82C203.29 74.83 195.68 64 184.67 64h-33.73c-7.01 0-13.46 4.49-15.41 11.23C130.64 92.21 128 109.88 128 128c0 18.12 2.64 35.79 7.54 52.76 1.94 6.74 8.39 11.24 15.4 11.24zM89.92 23.34C95.56 12.72 87.97 0 75.96 0H40.63c-6.27 0-12.14 3.59-14.74 9.31C9.4 45.54 0 85.65 0 128c0 24.75 3.12 68.33 26.69 118.86 2.62 5.63 8.42 9.14 14.61 9.14h34.84c12.02 0 19.61-12.74 13.95-23.37-49.78-93.32-16.71-178.15-.17-209.29zM614.06 9.29C611.46 3.58 605.6 0 599.33 0h-35.42c-11.98 0-19.66 12.66-14.02 23.25 18.27 34.29 48.42 119.42.28 209.23-5.72 10.68 1.8 23.52 13.91 23.52h35.23c6.27 0 12.13-3.58 14.73-9.29C630.57 210.48 640 170.36 640 128s-9.42-82.48-25.94-118.71zM489.06 64h-33.73c-11.01 0-18.61 10.83-14.86 21.18 4.93 13.58 7.55 27.98 7.55 42.82s-2.62 29.24-7.55 42.82c-3.76 10.35 3.85 21.18 14.86 21.18h33.73c7.02 0 13.46-4.49 15.41-11.24 4.9-16.97 7.53-34.64 7.53-52.76 0-18.12-2.64-35.79-7.54-52.76-1.94-6.75-8.39-11.24-15.4-11.24zm-116.3 100.12c7.05-10.29 11.2-22.71 11.2-36.12 0-35.35-28.63-64-63.96-64-35.32 0-63.96 28.65-63.96 64 0 13.41 4.15 25.83 11.2 36.12l-130.5 313.41c-3.4 8.15.46 17.52 8.61 20.92l29.51 12.31c8.15 3.4 17.52-.46 20.91-8.61L244.96 384h150.07l49.2 118.15c3.4 8.16 12.76 12.01 20.91 8.61l29.51-12.31c8.15-3.4 12-12.77 8.61-20.92l-130.5-313.41zM271.62 320L320 203.81 368.38 320h-96.76z\"><\/path><\/svg><\/span><\/div><\/div><div class=\"uagb-ifb-title-wrap\"><span class=\"uagb-ifb-title-prefix\">Prefix<\/span><h3 class=\"uagb-ifb-title\">  Aula 4 <br>Sistemas autom\u00e1ticos <\/h3><\/div><div class=\"uagb-ifb-separator-parent\"><div class=\"uagb-ifb-separator\"><\/div><\/div><div class=\"uagb-ifb-text-wrap\"><p class=\"uagb-ifb-desc\"><br><br> Conhecendo os pinos <br><br>Falando sobre condutores e isolantes <br><br>Projeto da aula :<br>Acender um LED externo <br><br>Criar um sistema de ilumina\u00e7\u00e3o automatizado  <br><\/p><\/div><\/div><\/div><\/div><\/div>\n<\/div><\/div>\n<\/div><\/section>\n<\/div><\/section>\n","protected":false},"excerpt":{"rendered":"","protected":false},"author":3,"featured_media":0,"parent":0,"menu_order":0,"comment_status":"closed","ping_status":"closed","template":"","meta":{"_uag_custom_page_level_css":""},"uagb_featured_image_src":{"full":false,"thumbnail":false,"medium":false,"medium_large":false,"large":false,"1536x1536":false,"2048x2048":false,"img-1100-450":false,"img-1120-800":false,"img-870-440":false,"img-850-600":false,"img-480-380":false,"img-300-225":false,"img-75-75":false},"uagb_author_info":{"display_name":"Ana Pscheidt","author_link":"https:\/\/imagimaker.com.br\/index.php\/author\/ana-pscheidt\/"},"uagb_comment_info":0,"uagb_excerpt":null,"_links":{"self":[{"href":"https:\/\/imagimaker.com.br\/index.php\/wp-json\/wp\/v2\/pages\/845"}],"collection":[{"href":"https:\/\/imagimaker.com.br\/index.php\/wp-json\/wp\/v2\/pages"}],"about":[{"href":"https:\/\/imagimaker.com.br\/index.php\/wp-json\/wp\/v2\/types\/page"}],"author":[{"embeddable":true,"href":"https:\/\/imagimaker.com.br\/index.php\/wp-json\/wp\/v2\/users\/3"}],"replies":[{"embeddable":true,"href":"https:\/\/imagimaker.com.br\/index.php\/wp-json\/wp\/v2\/comments?post=845"}],"version-history":[{"count":57,"href":"https:\/\/imagimaker.com.br\/index.php\/wp-json\/wp\/v2\/pages\/845\/revisions"}],"predecessor-version":[{"id":945,"href":"https:\/\/imagimaker.com.br\/index.php\/wp-json\/wp\/v2\/pages\/845\/revisions\/945"}],"wp:attachment":[{"href":"https:\/\/imagimaker.com.br\/index.php\/wp-json\/wp\/v2\/media?parent=845"}],"curies":[{"name":"wp","href":"https:\/\/api.w.org\/{rel}","templated":true}]}}