{"id":63,"date":"2019-11-21T19:57:02","date_gmt":"2019-11-21T22:57:02","guid":{"rendered":"http:\/\/imagimaker.com.br\/?page_id=63"},"modified":"2020-03-30T22:54:57","modified_gmt":"2020-03-31T01:54:57","slug":"projetos","status":"publish","type":"page","link":"https:\/\/imagimaker.com.br\/index.php\/projetos\/","title":{"rendered":"Projetos"},"content":{"rendered":"\n<div class=\"uagb-infobox__outer-wrap\" id=\"uagb-infobox-1cc1f164-ce36-4a9d-acf0-d23939faf6b5\"><div class=\"uagb-infobox__content-wrap uagb-infobox uagb-infobox-has-icon uagb-infobox-icon-above-title uagb-infobox-image-valign-top uagb-infobox-enable-border-radius \"><div class=\"uagb-ifb-left-right-wrap\"><div class=\"uagb-ifb-content\"><div class=\"uagb-ifb-image-icon-content uagb-ifb-imgicon-wrap\"><div class=\"uagb-ifb-icon-wrap\"><span class=\"uagb-ifb-icon\"><svg xmlns=\"http:\/\/www.w3.org\/2000\/svg\" viewbox=\"0 0 496 512\"><path d=\"M248 8C111.03 8 0 119.03 0 256s111.03 248 248 248 248-111.03 248-248S384.97 8 248 8zm82.29 357.6c-3.9 3.88-7.99 7.95-11.31 11.28-2.99 3-5.1 6.7-6.17 10.71-1.51 5.66-2.73 11.38-4.77 16.87l-17.39 46.85c-13.76 3-28 4.69-42.65 4.69v-27.38c1.69-12.62-7.64-36.26-22.63-51.25-6-6-9.37-14.14-9.37-22.63v-32.01c0-11.64-6.27-22.34-16.46-27.97-14.37-7.95-34.81-19.06-48.81-26.11-11.48-5.78-22.1-13.14-31.65-21.75l-.8-.72a114.792 114.792 0 0 1-18.06-20.74c-9.38-13.77-24.66-36.42-34.59-51.14 20.47-45.5 57.36-82.04 103.2-101.89l24.01 12.01C203.48 89.74 216 82.01 216 70.11v-11.3c7.99-1.29 16.12-2.11 24.39-2.42l28.3 28.3c6.25 6.25 6.25 16.38 0 22.63L264 112l-10.34 10.34c-3.12 3.12-3.12 8.19 0 11.31l4.69 4.69c3.12 3.12 3.12 8.19 0 11.31l-8 8a8.008 8.008 0 0 1-5.66 2.34h-8.99c-2.08 0-4.08.81-5.58 2.27l-9.92 9.65a8.008 8.008 0 0 0-1.58 9.31l15.59 31.19c2.66 5.32-1.21 11.58-7.15 11.58h-5.64c-1.93 0-3.79-.7-5.24-1.96l-9.28-8.06a16.017 16.017 0 0 0-15.55-3.1l-31.17 10.39a11.95 11.95 0 0 0-8.17 11.34c0 4.53 2.56 8.66 6.61 10.69l11.08 5.54c9.41 4.71 19.79 7.16 30.31 7.16s22.59 27.29 32 32h66.75c8.49 0 16.62 3.37 22.63 9.37l13.69 13.69a30.503 30.503 0 0 1 8.93 21.57 46.536 46.536 0 0 1-13.72 32.98zM417 274.25c-5.79-1.45-10.84-5-14.15-9.97l-17.98-26.97a23.97 23.97 0 0 1 0-26.62l19.59-29.38c2.32-3.47 5.5-6.29 9.24-8.15l12.98-6.49C440.2 193.59 448 223.87 448 256c0 8.67-.74 17.16-1.82 25.54L417 274.25z\"><\/path><\/svg><\/span><\/div><\/div><div class=\"uagb-ifb-title-wrap\"><span class=\"uagb-ifb-title-prefix\"> Que a\u00e7\u00f5es podemos propor para desenvolver projetos ecol\u00f3gicos e sustent\u00e1veis de forma inovadora <\/span><h1 class=\"uagb-ifb-title\">Projeto Capit\u00e3o Planeta <\/h1><\/div><div class=\"uagb-ifb-separator-parent\"><div class=\"uagb-ifb-separator\"><\/div><\/div><div class=\"uagb-ifb-text-wrap\"><p class=\"uagb-ifb-desc\"> Esse projeto foi desenvolvido por  Ana Pscheidt professora de oficinas tecnol\u00f3gicas, Talita Politta professora de ci\u00eancias aplicadas e <br>Jessica Gustman professora de lingua inglesa.<br><\/p><\/div><\/div><\/div><\/div><\/div>\n\n\n\n<section class=\"wp-block-uagb-columns uagb-columns__wrap uagb-columns__background-undefined uagb-columns__stack-mobile uagb-columns__valign-undefined uagb-columns__gap-10 alignundefined\" id=\"uagb-columns-b06c9fb1-430f-42cb-a4ce-2e1366373c59\"><div class=\"uagb-columns__overlay\"><\/div><div class=\"uagb-columns__inner-wrap uagb-columns__columns-2\">\n<div class=\"wp-block-uagb-column uagb-column__wrap uagb-column__background-undefined\" id=\"uagb-column-3027c73d-7a4a-47c3-8713-ba82b4c0af0c\"><div class=\"uagb-column__overlay\"><\/div><div class=\"uagb-column__inner-wrap\">\n<div class=\"uagb-infobox__outer-wrap\" id=\"uagb-infobox-dda6eca0-2327-40b2-aaf5-604c95ccdb92\"><div class=\"uagb-infobox__content-wrap uagb-infobox uagb-infobox-has-icon uagb-infobox-icon-above-title uagb-infobox-image-valign-top uagb-infobox-enable-border-radius \"><div class=\"uagb-ifb-left-right-wrap\"><div class=\"uagb-ifb-content\"><div class=\"uagb-ifb-title-wrap\"><\/div><div class=\"uagb-ifb-text-wrap\"><p class=\"uagb-ifb-desc\">   Os alunos foram apresentados a conceitos complexos relacionados a sustentabilidade, ODS, reciclagem, impactos ambientais entre outros.  E foram desafiados a inovarem, criando projetos, produtos ou t\u00e9cnicas para solucionar problemas da atualidade. <br> <br>A atividade desenvolvida na disciplina de Ingl\u00eas possuiu o objetivo de instigar os alunos a desenvolver produtos, de uso rotineiro, que evitassem o consumo de produtos industrializados evitando assim a utiliza\u00e7\u00e3o de embalagens pl\u00e1sticas e de isopor que geram muitos res\u00edduos e preju\u00edzos ao ambiente bem como a ingest\u00e3o de excessos de produtos qu\u00edmicos.&nbsp;<br><br>No que se refere \u00e0s disciplinas de Ci\u00eancias Aplicadas e Oficinas Tecnol\u00f3gicas a proposta era: pensar e criar algo que trouxesse impactos positivos ao ambiente. A primeira parte do trabalho foi buscar explica\u00e7\u00f5es a cerca do que \u00e9 impacto ambiental \u2013 positivo e negativo e depois pesquisar exemplos desses impactos no col\u00e9gio, no bairro e na cidade. Ap\u00f3s esse levantamento, em equipe, os alunos come\u00e7aram a pensar e organizar ideias de poss\u00edveis solu\u00e7\u00f5es para reduzir os impactos ambientais.<br><br> \u00c9 importante ressaltar que o projeto desenvolvido deveria, al\u00e9m de trazer melhorias ambientes, responder ao desafio que era \u201cQue a\u00e7\u00f5es podemos propor para desenvolver projetos ecol\u00f3gicos e sustent\u00e1veis de forma inovadora?\u201d Dessa forma, estabelecido os crit\u00e9rios de elabora\u00e7\u00e3o do trabalho, as equipes receberam algumas aulas ao longo do trimestre para a execu\u00e7\u00e3o do trabalho.<br> <br>E em 11 de maio  de 2017 os alunos apresentaram seus resultados em uma mini feira de projetos.  A exposi\u00e7\u00e3o de ideias contou com a apresenta\u00e7\u00e3o de trabalhos de 9 equipes. <\/p><\/div><\/div><\/div><\/div><\/div>\n<\/div><\/div>\n\n\n\n<div class=\"wp-block-uagb-column uagb-column__wrap uagb-column__background-undefined\" id=\"uagb-column-e0e563b6-fe10-4843-8060-97b01522c678\"><div class=\"uagb-column__overlay\"><\/div><div class=\"uagb-column__inner-wrap\">\n<figure class=\"wp-block-gallery columns-2 is-cropped wp-block-gallery-1\"><ul class=\"blocks-gallery-grid\"><li class=\"blocks-gallery-item\"><figure><img decoding=\"async\" loading=\"lazy\" width=\"1024\" height=\"768\" src=\"https:\/\/imagimaker.com.br\/wp-content\/uploads\/2020\/03\/Apresenta\u00e7\u00e3o-1-1024x768.jpg\" alt=\"\" data-id=\"715\" data-full-url=\"https:\/\/imagimaker.com.br\/wp-content\/uploads\/2020\/03\/Apresenta\u00e7\u00e3o-1-scaled.jpg\" data-link=\"https:\/\/imagimaker.com.br\/index.php\/ana-pscheidt\/apresentacao-1\/\" class=\"wp-image-715\" srcset=\"https:\/\/imagimaker.com.br\/wp-content\/uploads\/2020\/03\/Apresenta\u00e7\u00e3o-1-1024x768.jpg 1024w, https:\/\/imagimaker.com.br\/wp-content\/uploads\/2020\/03\/Apresenta\u00e7\u00e3o-1-300x225.jpg 300w, https:\/\/imagimaker.com.br\/wp-content\/uploads\/2020\/03\/Apresenta\u00e7\u00e3o-1-768x576.jpg 768w, https:\/\/imagimaker.com.br\/wp-content\/uploads\/2020\/03\/Apresenta\u00e7\u00e3o-1-1536x1152.jpg 1536w, https:\/\/imagimaker.com.br\/wp-content\/uploads\/2020\/03\/Apresenta\u00e7\u00e3o-1-2048x1536.jpg 2048w\" sizes=\"(max-width: 1024px) 100vw, 1024px\" \/><\/figure><\/li><li class=\"blocks-gallery-item\"><figure><img decoding=\"async\" loading=\"lazy\" width=\"1024\" height=\"768\" src=\"https:\/\/imagimaker.com.br\/wp-content\/uploads\/2020\/03\/Apresenta\u00e7\u00e3o-3-1024x768.jpg\" alt=\"\" data-id=\"719\" data-full-url=\"https:\/\/imagimaker.com.br\/wp-content\/uploads\/2020\/03\/Apresenta\u00e7\u00e3o-3-scaled.jpg\" data-link=\"https:\/\/imagimaker.com.br\/index.php\/projetos\/apresentacao-3\/\" class=\"wp-image-719\" srcset=\"https:\/\/imagimaker.com.br\/wp-content\/uploads\/2020\/03\/Apresenta\u00e7\u00e3o-3-1024x768.jpg 1024w, https:\/\/imagimaker.com.br\/wp-content\/uploads\/2020\/03\/Apresenta\u00e7\u00e3o-3-300x225.jpg 300w, https:\/\/imagimaker.com.br\/wp-content\/uploads\/2020\/03\/Apresenta\u00e7\u00e3o-3-768x576.jpg 768w, https:\/\/imagimaker.com.br\/wp-content\/uploads\/2020\/03\/Apresenta\u00e7\u00e3o-3-1536x1152.jpg 1536w, https:\/\/imagimaker.com.br\/wp-content\/uploads\/2020\/03\/Apresenta\u00e7\u00e3o-3-2048x1536.jpg 2048w\" sizes=\"(max-width: 1024px) 100vw, 1024px\" \/><\/figure><\/li><li class=\"blocks-gallery-item\"><figure><img decoding=\"async\" loading=\"lazy\" width=\"1024\" height=\"768\" src=\"https:\/\/imagimaker.com.br\/wp-content\/uploads\/2020\/03\/Apresenta\u00e7\u00e3o-2-1024x768.jpg\" alt=\"\" data-id=\"718\" data-full-url=\"https:\/\/imagimaker.com.br\/wp-content\/uploads\/2020\/03\/Apresenta\u00e7\u00e3o-2-scaled.jpg\" data-link=\"https:\/\/imagimaker.com.br\/index.php\/projetos\/apresentacao-2\/\" class=\"wp-image-718\" srcset=\"https:\/\/imagimaker.com.br\/wp-content\/uploads\/2020\/03\/Apresenta\u00e7\u00e3o-2-1024x768.jpg 1024w, https:\/\/imagimaker.com.br\/wp-content\/uploads\/2020\/03\/Apresenta\u00e7\u00e3o-2-300x225.jpg 300w, https:\/\/imagimaker.com.br\/wp-content\/uploads\/2020\/03\/Apresenta\u00e7\u00e3o-2-768x576.jpg 768w, https:\/\/imagimaker.com.br\/wp-content\/uploads\/2020\/03\/Apresenta\u00e7\u00e3o-2-1536x1152.jpg 1536w, https:\/\/imagimaker.com.br\/wp-content\/uploads\/2020\/03\/Apresenta\u00e7\u00e3o-2-2048x1536.jpg 2048w\" sizes=\"(max-width: 1024px) 100vw, 1024px\" \/><\/figure><\/li><li class=\"blocks-gallery-item\"><figure><img decoding=\"async\" loading=\"lazy\" width=\"1024\" height=\"768\" src=\"https:\/\/imagimaker.com.br\/wp-content\/uploads\/2020\/03\/Apresenta\u00e7\u00e3o-4-1024x768.jpg\" alt=\"\" data-id=\"721\" data-full-url=\"https:\/\/imagimaker.com.br\/wp-content\/uploads\/2020\/03\/Apresenta\u00e7\u00e3o-4-scaled.jpg\" data-link=\"https:\/\/imagimaker.com.br\/index.php\/projetos\/apresentacao-4\/\" class=\"wp-image-721\" srcset=\"https:\/\/imagimaker.com.br\/wp-content\/uploads\/2020\/03\/Apresenta\u00e7\u00e3o-4-1024x768.jpg 1024w, https:\/\/imagimaker.com.br\/wp-content\/uploads\/2020\/03\/Apresenta\u00e7\u00e3o-4-300x225.jpg 300w, https:\/\/imagimaker.com.br\/wp-content\/uploads\/2020\/03\/Apresenta\u00e7\u00e3o-4-768x576.jpg 768w, https:\/\/imagimaker.com.br\/wp-content\/uploads\/2020\/03\/Apresenta\u00e7\u00e3o-4-1536x1152.jpg 1536w, https:\/\/imagimaker.com.br\/wp-content\/uploads\/2020\/03\/Apresenta\u00e7\u00e3o-4-2048x1536.jpg 2048w\" sizes=\"(max-width: 1024px) 100vw, 1024px\" \/><\/figure><\/li><li class=\"blocks-gallery-item\"><figure><img decoding=\"async\" loading=\"lazy\" width=\"1024\" height=\"768\" src=\"https:\/\/imagimaker.com.br\/wp-content\/uploads\/2020\/03\/Apresenta\u00e7\u00e3o-5-1024x768.jpg\" alt=\"\" data-id=\"722\" data-full-url=\"https:\/\/imagimaker.com.br\/wp-content\/uploads\/2020\/03\/Apresenta\u00e7\u00e3o-5-scaled.jpg\" data-link=\"https:\/\/imagimaker.com.br\/index.php\/projetos\/apresentacao-5\/\" class=\"wp-image-722\" srcset=\"https:\/\/imagimaker.com.br\/wp-content\/uploads\/2020\/03\/Apresenta\u00e7\u00e3o-5-1024x768.jpg 1024w, https:\/\/imagimaker.com.br\/wp-content\/uploads\/2020\/03\/Apresenta\u00e7\u00e3o-5-300x225.jpg 300w, https:\/\/imagimaker.com.br\/wp-content\/uploads\/2020\/03\/Apresenta\u00e7\u00e3o-5-768x576.jpg 768w, https:\/\/imagimaker.com.br\/wp-content\/uploads\/2020\/03\/Apresenta\u00e7\u00e3o-5-1536x1152.jpg 1536w, https:\/\/imagimaker.com.br\/wp-content\/uploads\/2020\/03\/Apresenta\u00e7\u00e3o-5-2048x1536.jpg 2048w\" sizes=\"(max-width: 1024px) 100vw, 1024px\" \/><\/figure><\/li><li class=\"blocks-gallery-item\"><figure><img decoding=\"async\" loading=\"lazy\" width=\"1024\" height=\"768\" src=\"https:\/\/imagimaker.com.br\/wp-content\/uploads\/2020\/03\/Apresenta\u00e7\u00e3o-6-1024x768.jpg\" alt=\"\" data-id=\"724\" data-full-url=\"https:\/\/imagimaker.com.br\/wp-content\/uploads\/2020\/03\/Apresenta\u00e7\u00e3o-6-scaled.jpg\" data-link=\"https:\/\/imagimaker.com.br\/index.php\/projetos\/apresentacao-6\/\" class=\"wp-image-724\" srcset=\"https:\/\/imagimaker.com.br\/wp-content\/uploads\/2020\/03\/Apresenta\u00e7\u00e3o-6-1024x768.jpg 1024w, https:\/\/imagimaker.com.br\/wp-content\/uploads\/2020\/03\/Apresenta\u00e7\u00e3o-6-300x225.jpg 300w, https:\/\/imagimaker.com.br\/wp-content\/uploads\/2020\/03\/Apresenta\u00e7\u00e3o-6-768x576.jpg 768w, https:\/\/imagimaker.com.br\/wp-content\/uploads\/2020\/03\/Apresenta\u00e7\u00e3o-6-1536x1152.jpg 1536w, https:\/\/imagimaker.com.br\/wp-content\/uploads\/2020\/03\/Apresenta\u00e7\u00e3o-6-2048x1536.jpg 2048w\" sizes=\"(max-width: 1024px) 100vw, 1024px\" \/><\/figure><\/li><li class=\"blocks-gallery-item\"><figure><img decoding=\"async\" loading=\"lazy\" width=\"1024\" height=\"768\" src=\"https:\/\/imagimaker.com.br\/wp-content\/uploads\/2020\/03\/Apresenta\u00e7\u00e3o-7-1024x768.jpg\" alt=\"\" data-id=\"725\" data-full-url=\"https:\/\/imagimaker.com.br\/wp-content\/uploads\/2020\/03\/Apresenta\u00e7\u00e3o-7-scaled.jpg\" data-link=\"https:\/\/imagimaker.com.br\/index.php\/projetos\/apresentacao-7\/\" class=\"wp-image-725\" srcset=\"https:\/\/imagimaker.com.br\/wp-content\/uploads\/2020\/03\/Apresenta\u00e7\u00e3o-7-1024x768.jpg 1024w, https:\/\/imagimaker.com.br\/wp-content\/uploads\/2020\/03\/Apresenta\u00e7\u00e3o-7-300x225.jpg 300w, https:\/\/imagimaker.com.br\/wp-content\/uploads\/2020\/03\/Apresenta\u00e7\u00e3o-7-768x576.jpg 768w, https:\/\/imagimaker.com.br\/wp-content\/uploads\/2020\/03\/Apresenta\u00e7\u00e3o-7-1536x1152.jpg 1536w, https:\/\/imagimaker.com.br\/wp-content\/uploads\/2020\/03\/Apresenta\u00e7\u00e3o-7-2048x1536.jpg 2048w\" sizes=\"(max-width: 1024px) 100vw, 1024px\" \/><\/figure><\/li><li class=\"blocks-gallery-item\"><figure><img decoding=\"async\" loading=\"lazy\" width=\"1024\" height=\"768\" src=\"https:\/\/imagimaker.com.br\/wp-content\/uploads\/2020\/03\/Apresenta\u00e7\u00e3o-8-1024x768.jpg\" alt=\"\" data-id=\"726\" data-full-url=\"https:\/\/imagimaker.com.br\/wp-content\/uploads\/2020\/03\/Apresenta\u00e7\u00e3o-8-scaled.jpg\" data-link=\"https:\/\/imagimaker.com.br\/index.php\/projetos\/apresentacao-8\/\" class=\"wp-image-726 is-layout-flex\" srcset=\"https:\/\/imagimaker.com.br\/wp-content\/uploads\/2020\/03\/Apresenta\u00e7\u00e3o-8-1024x768.jpg 1024w, https:\/\/imagimaker.com.br\/wp-content\/uploads\/2020\/03\/Apresenta\u00e7\u00e3o-8-300x225.jpg 300w, https:\/\/imagimaker.com.br\/wp-content\/uploads\/2020\/03\/Apresenta\u00e7\u00e3o-8-768x576.jpg 768w, https:\/\/imagimaker.com.br\/wp-content\/uploads\/2020\/03\/Apresenta\u00e7\u00e3o-8-1536x1152.jpg 1536w, https:\/\/imagimaker.com.br\/wp-content\/uploads\/2020\/03\/Apresenta\u00e7\u00e3o-8-2048x1536.jpg 2048w\" sizes=\"(max-width: 1024px) 100vw, 1024px\" \/><\/figure><\/li><\/ul><\/figure>\n<\/div><\/div>\n<\/div><\/section>\n\n\n\n<section class=\"wp-block-uagb-section uagb-section__wrap uagb-section__background-undefined\" id=\"uagb-section-7a3c3bd1-5600-4959-b5e0-75743364feab\"><div class=\"uagb-section__overlay\"><\/div><div class=\"uagb-section__inner-wrap\">\n<section class=\"wp-block-uagb-columns uagb-columns__wrap uagb-columns__background-undefined uagb-columns__stack-mobile uagb-columns__valign-undefined uagb-columns__gap-10 alignundefined\" id=\"uagb-columns-bf00c454-adbd-479b-9166-0b6661a88ffc\"><div class=\"uagb-columns__overlay\"><\/div><div class=\"uagb-columns__inner-wrap uagb-columns__columns-2\">\n<div class=\"wp-block-uagb-column uagb-column__wrap uagb-column__background-undefined\" id=\"uagb-column-fd6ab469-dc32-4ecd-b7f3-26ba28d5324a\"><div class=\"uagb-column__overlay\"><\/div><div class=\"uagb-column__inner-wrap\">\n<figure class=\"wp-block-image size-large\"><img decoding=\"async\" loading=\"lazy\" width=\"1024\" height=\"576\" src=\"https:\/\/imagimaker.com.br\/wp-content\/uploads\/2020\/03\/IMG-20170913-WA0027-1024x576.jpg\" alt=\"\" class=\"wp-image-732\" srcset=\"https:\/\/imagimaker.com.br\/wp-content\/uploads\/2020\/03\/IMG-20170913-WA0027-1024x576.jpg 1024w, https:\/\/imagimaker.com.br\/wp-content\/uploads\/2020\/03\/IMG-20170913-WA0027-300x169.jpg 300w, https:\/\/imagimaker.com.br\/wp-content\/uploads\/2020\/03\/IMG-20170913-WA0027-768x432.jpg 768w, https:\/\/imagimaker.com.br\/wp-content\/uploads\/2020\/03\/IMG-20170913-WA0027.jpg 1280w\" sizes=\"(max-width: 1024px) 100vw, 1024px\" \/><\/figure>\n<\/div><\/div>\n\n\n\n<div class=\"wp-block-uagb-column uagb-column__wrap uagb-column__background-undefined\" id=\"uagb-column-b71397cb-357f-4d3d-b10c-e1bfebcfa31d\"><div class=\"uagb-column__overlay\"><\/div><div class=\"uagb-column__inner-wrap\">\n<div class=\"uagb-infobox__outer-wrap\" id=\"uagb-infobox-8b1a9777-eab4-4985-b353-48e8f90feb01\"><div class=\"uagb-infobox__content-wrap uagb-infobox uagb-infobox-has-icon uagb-infobox-icon-above-title uagb-infobox-image-valign-top uagb-infobox-enable-border-radius \"><div class=\"uagb-ifb-left-right-wrap\"><div class=\"uagb-ifb-content\"><div class=\"uagb-ifb-image-icon-content uagb-ifb-imgicon-wrap\"><div class=\"uagb-ifb-icon-wrap\"><span class=\"uagb-ifb-icon\"><svg xmlns=\"http:\/\/www.w3.org\/2000\/svg\" viewbox=\"0 0 640 512\"><path d=\"M208 352c-2.39 0-4.78.35-7.06 1.09C187.98 357.3 174.35 360 160 360c-14.35 0-27.98-2.7-40.95-6.91-2.28-.74-4.66-1.09-7.05-1.09C49.94 352-.33 402.48 0 464.62.14 490.88 21.73 512 48 512h224c26.27 0 47.86-21.12 48-47.38.33-62.14-49.94-112.62-112-112.62zm-48-32c53.02 0 96-42.98 96-96s-42.98-96-96-96-96 42.98-96 96 42.98 96 96 96zM592 0H208c-26.47 0-48 22.25-48 49.59V96c23.42 0 45.1 6.78 64 17.8V64h352v288h-64v-64H384v64h-76.24c19.1 16.69 33.12 38.73 39.69 64H592c26.47 0 48-22.25 48-49.59V49.59C640 22.25 618.47 0 592 0z\"><\/path><\/svg><\/span><\/div><\/div><div class=\"uagb-ifb-title-wrap\"><span class=\"uagb-ifb-title-prefix\"> Publica\u00e7\u00e3o e apresenta\u00e7\u00e3o oral <\/span><h3 class=\"uagb-ifb-title\">4th Responsible Management Education Research Conference <\/h3><\/div><div class=\"uagb-ifb-separator-parent\"><div class=\"uagb-ifb-separator\"><\/div><\/div><div class=\"uagb-ifb-text-wrap\"><p class=\"uagb-ifb-desc\">Os resultados de toda essa a\u00e7\u00e3o foram muito positivos. O projetos criados pelos alunos ganharam visibilidade, e nosso trabalho reconhecido sendo selecionado para apresenta\u00e7\u00e3o oral no evento internacional  4th Responsible Manangement Education Research Conference. <br><br>Acesse a publica\u00e7\u00e3o <a href=\"https:\/\/imagimaker.com.br\/wp-content\/uploads\/2020\/03\/comprovantes-apresenta\u00e7a\u00f5-4thLEARNING-WORKSHOPS-AND-THE-SUSTAINABLE.pdf\">aqui<\/a><\/p><\/div><\/div><\/div><\/div><\/div>\n\n\n\n<p><\/p>\n<\/div><\/div>\n<\/div><\/section>\n<\/div><\/section>\n\n\n\n<p><\/p>\n\n\n\n<section class=\"wp-block-uagb-section uagb-section__wrap uagb-section__background-none\" id=\"uagb-section-a2773296-4b62-48e1-a7ad-50480ea1d2be\"><div class=\"uagb-section__overlay\"><\/div><div class=\"uagb-section__inner-wrap\">\n<div class=\"uagb-infobox__outer-wrap\" id=\"uagb-infobox-b0db470f-dee6-412f-aafe-5d8d4fc441fe\"><div class=\"uagb-infobox__content-wrap uagb-infobox uagb-infobox-has-icon uagb-infobox-icon-above-title uagb-infobox-image-valign-top uagb-infobox-enable-border-radius \"><div class=\"uagb-ifb-left-right-wrap\"><div class=\"uagb-ifb-content\"><div class=\"uagb-ifb-title-wrap\"><h2 class=\"uagb-ifb-title\">Solu\u00e7\u00f5es criadas pelos alunos durante o projeto <\/h2><\/div><div class=\"uagb-ifb-separator-parent\"><div class=\"uagb-ifb-separator\"><\/div><\/div><div class=\"uagb-ifb-text-wrap\"><p class=\"uagb-ifb-desc\">  Os estudantes demonstraram amplo envolvimento para a elabora\u00e7\u00e3o, execu\u00e7\u00e3o e apresenta\u00e7\u00e3o dos trabalhos e projetos.<br> As equipes conseguiram buscar exemplos bastante diversos de como trabalhar a sustentabilidade e como minimizar os impactos ambientais negativos<br>Observou-se que os alunos sa\u00edram de uma zona de senso comum nas discuss\u00f5es sobre sustentabilidade e avan\u00e7aram para debates e discuss\u00f5es com um senso cr\u00edtico, <br>Conhe\u00e7a abaixo algumas das solu\u00e7\u00f5es criadas por nossos alunos durante o desenvolvimento do projeto. <br> <\/p><\/div><\/div><\/div><\/div><\/div>\n\n\n\n<section class=\"wp-block-uagb-columns uagb-columns__wrap uagb-columns__background-color uagb-columns__stack-mobile uagb-columns__valign-undefined uagb-columns__gap-10 alignundefined\" id=\"uagb-columns-8cfe1dbb-2a8f-4725-bf9f-9f6b4dc32794\"><div class=\"uagb-columns__overlay\"><\/div><div class=\"uagb-columns__inner-wrap uagb-columns__columns-2\">\n<div class=\"wp-block-uagb-column uagb-column__wrap uagb-column__background-undefined\" id=\"uagb-column-630769e5-cd39-4254-89e6-2c023583b4bb\"><div class=\"uagb-column__overlay\"><\/div><div class=\"uagb-column__inner-wrap\">\n<div class=\"uagb-infobox__outer-wrap\" id=\"uagb-infobox-d1fcaaca-edd9-490d-b1cd-1d94287b99b7\"><div class=\"uagb-infobox__content-wrap uagb-infobox uagb-infobox-has-icon uagb-infobox-icon-above-title uagb-infobox-image-valign-top uagb-infobox-enable-border-radius \"><div class=\"uagb-ifb-left-right-wrap\"><div class=\"uagb-ifb-content\"><div class=\"uagb-ifb-title-wrap\"><\/div><div class=\"uagb-ifb-text-wrap\"><p class=\"uagb-ifb-desc\"> <strong>Pensando limpo<\/strong> -. Trabalho pensado para diminui\u00e7\u00e3o no uso de papel e a confec\u00e7\u00e3o de papel recicl\u00e1vel.<br><br><strong>\u00c1gua, o retorno<\/strong> &#8211;&nbsp; Capta\u00e7\u00e3o da \u00e1gua da chuva e utiliza\u00e7\u00e3o desta para o uso dom\u00e9stico, no banheiro; a \u00e1gua usada no banho seria reutilizada nas descargas do vaso sanit\u00e1rio.<br><br><strong>O retorno, uma beleza natural<\/strong> \u2013 linha de cosm\u00e9ticos naturais .<br><br><strong>Menos preju\u00edzo e mais ju\u00edzo <\/strong>&#8211;  Confec\u00e7\u00e3o de sabonetes com \u00f3leos usados.<br><br><strong>Naturalle, <\/strong>repelentes naturais<br><br><br><br><\/p><\/div><\/div><\/div><\/div><\/div>\n\n\n\n<p><\/p>\n<\/div><\/div>\n\n\n\n<div class=\"wp-block-uagb-column uagb-column__wrap uagb-column__background-undefined\" id=\"uagb-column-797cf3c9-a6af-4af5-8e43-2957d9471fa9\"><div class=\"uagb-column__overlay\"><\/div><div class=\"uagb-column__inner-wrap\">\n<div class=\"uagb-infobox__outer-wrap\" id=\"uagb-infobox-9b68658b-cd42-4466-a59b-1bc6087aea37\"><div class=\"uagb-infobox__content-wrap uagb-infobox uagb-infobox-has-icon uagb-infobox-icon-above-title uagb-infobox-image-valign-top uagb-infobox-enable-border-radius \"><div class=\"uagb-ifb-left-right-wrap\"><div class=\"uagb-ifb-content\"><div class=\"uagb-ifb-title-wrap\"><\/div><div class=\"uagb-ifb-text-wrap\"><p class=\"uagb-ifb-desc\"> <strong>\u00c1gua quente cuca fria<\/strong> &#8211;  Aquecimento da \u00e1gua que ir\u00e1 para o chuveiro da casa utilizando energia solar.<br><br><strong>Descarte consciente <\/strong>&#8211; Organizar uma campanha para o descarte correto de medicamento e o esclarecimento dos preju\u00edzos de descarte incorreto.<br><br> <strong>Hidratante capilar com \u00f3leo de cozinha <\/strong><br><br><strong>Descarte de \u00f3leo &#8211; <\/strong>Descarte correto do \u00f3leo de cozinha usado e poss\u00edveis op\u00e7\u00f5es para o reuso.   <br><br> <strong>Water box<\/strong> &#8211;  Confec\u00e7\u00e3o de uma cisterna que elaborada com pneus sem utiliza\u00e7\u00e3o, para capta\u00e7\u00e3o da \u00e1gua da chuva.&nbsp; <\/p><\/div><\/div><\/div><\/div><\/div>\n<\/div><\/div>\n<\/div><\/section>\n<\/div><\/section>\n\n\n\n<p><\/p>\n","protected":false},"excerpt":{"rendered":"","protected":false},"author":1,"featured_media":0,"parent":0,"menu_order":0,"comment_status":"closed","ping_status":"closed","template":"","meta":{"_uag_custom_page_level_css":""},"uagb_featured_image_src":{"full":false,"thumbnail":false,"medium":false,"medium_large":false,"large":false,"1536x1536":false,"2048x2048":false,"img-1100-450":false,"img-1120-800":false,"img-870-440":false,"img-850-600":false,"img-480-380":false,"img-300-225":false,"img-75-75":false},"uagb_author_info":{"display_name":"imagimaker","author_link":"https:\/\/imagimaker.com.br\/index.php\/author\/imagimaker\/"},"uagb_comment_info":0,"uagb_excerpt":null,"_links":{"self":[{"href":"https:\/\/imagimaker.com.br\/index.php\/wp-json\/wp\/v2\/pages\/63"}],"collection":[{"href":"https:\/\/imagimaker.com.br\/index.php\/wp-json\/wp\/v2\/pages"}],"about":[{"href":"https:\/\/imagimaker.com.br\/index.php\/wp-json\/wp\/v2\/types\/page"}],"author":[{"embeddable":true,"href":"https:\/\/imagimaker.com.br\/index.php\/wp-json\/wp\/v2\/users\/1"}],"replies":[{"embeddable":true,"href":"https:\/\/imagimaker.com.br\/index.php\/wp-json\/wp\/v2\/comments?post=63"}],"version-history":[{"count":27,"href":"https:\/\/imagimaker.com.br\/index.php\/wp-json\/wp\/v2\/pages\/63\/revisions"}],"predecessor-version":[{"id":753,"href":"https:\/\/imagimaker.com.br\/index.php\/wp-json\/wp\/v2\/pages\/63\/revisions\/753"}],"wp:attachment":[{"href":"https:\/\/imagimaker.com.br\/index.php\/wp-json\/wp\/v2\/media?parent=63"}],"curies":[{"name":"wp","href":"https:\/\/api.w.org\/{rel}","templated":true}]}}