{"id":384,"date":"2020-01-22T19:26:37","date_gmt":"2020-01-22T22:26:37","guid":{"rendered":"https:\/\/imagimaker.com.br\/?page_id=384"},"modified":"2020-07-24T21:32:20","modified_gmt":"2020-07-25T00:32:20","slug":"curso-lego-ev3","status":"publish","type":"page","link":"https:\/\/imagimaker.com.br\/index.php\/curso-lego-ev3\/","title":{"rendered":"CURSO LEGO EV3"},"content":{"rendered":"\n<section class=\"wp-block-uagb-section uagb-section__wrap uagb-section__background-image uagb-block-65022985-03f5-4f16-a5ce-c0039fc9f41e\" id=\"uagb-section-c7ab4a87-431d-414a-82b4-387878ba88c7\"><div class=\"uagb-section__overlay\"><\/div><div class=\"uagb-section__inner-wrap\">\n<div class=\"wp-block-uagb-info-box uagb-infobox__outer-wrap uagb-block-1608947d-ec08-410a-84da-607ad9a986ba\" id=\"uagb-infobox-387803e9-1d9f-4af5-99d2-8b17aaa5157b\"><div class=\"uagb-infobox__content-wrap uagb-infobox uagb-infobox-has-icon uagb-infobox-icon-above-title uagb-infobox-image-valign-top uagb-infobox-enable-border-radius \"><div class=\"uagb-ifb-left-right-wrap\"><div class=\"uagb-ifb-content\"><div class=\"uagb-ifb-title-wrap\"><span class=\"uagb-ifb-title-prefix\">Rob\u00f3tica Educacional com <\/span><h1 class=\"uagb-ifb-title\"> LEGO Mindstorms EV3<\/h1><\/div><div class=\"uagb-ifb-text-wrap\"><p class=\"uagb-ifb-desc\">Pr\u00f3xima turma presencial em maio &#8211; Curitiba\/PR<br><\/p><\/div><\/div><\/div><\/div><\/div>\n\n\n\n<p><\/p>\n<\/div><\/section>\n\n\n\n<section class=\"wp-block-uagb-section uagb-section__wrap uagb-section__background-undefined uagb-block-e35e3e48-5d73-429f-a6b0-b6a3da9d6c5c\" id=\"uagb-section-9f79263f-4ce1-4e09-8d2f-116ca4c1d478\"><div class=\"uagb-section__overlay\"><\/div><div class=\"uagb-section__inner-wrap\">\n<div class=\"wp-block-uagb-info-box uagb-infobox__outer-wrap uagb-block-066a80d9-a3e3-4142-9b12-854beb7f0aa8\" id=\"uagb-infobox-b741f12e-c391-431f-a08c-f813cedb5037\"><div class=\"uagb-infobox__content-wrap uagb-infobox uagb-infobox-has-icon uagb-infobox-icon-above-title uagb-infobox-image-valign-top uagb-infobox-enable-border-radius \"><div class=\"uagb-ifb-left-right-wrap\"><div class=\"uagb-ifb-content\"><div class=\"uagb-ifb-title-wrap\"><h2 class=\"uagb-ifb-title\"> Um curso completo destinado a educadores que querem aprender a montar e programar rob\u00f4s com o kit LEGO Mindstorms\u00ae &#8211; EV3. E ainda vivenciar situa\u00e7\u00f5es de competi\u00e7\u00f5es, resolvendo desafios planejados para simular os principais torneios de rob\u00f3tica. <br><br>QUER APRENDER ROB\u00d3TICA COM LEGO MINDSTORMS EV3?  VEM COM A GENTE!<br>FA\u00c7A SUA PR\u00c9 INSCRI\u00c7\u00c3O E RECEBA INFORMA\u00c7\u00d5ES SOBRE AS NOVAS TURMAS. <\/h2><\/div><div class=\"uagb-ifb-text-wrap\"><p class=\"uagb-ifb-desc\"> <\/p><\/div><\/div><\/div><\/div><\/div>\n\n\n\n<div class=\"wp-block-button aligncenter is-style-fill\"><a class=\"wp-block-button__link has-text-color has-very-dark-gray-color has-background has-luminous-vivid-orange-background-color\" href=\"https:\/\/forms.gle\/1p2KQRa74k5gfCQh6\" style=\"border-radius:7px\">FA\u00c7A SUA PR\u00c9 INSCRI\u00c7\u00c3O<\/a><\/div>\n<\/div><\/section>\n\n\n\n<section class=\"wp-block-uagb-section uagb-section__wrap uagb-section__background-undefined uagb-block-e5a51f31-8842-4599-bb09-4d0fff58dab0\" id=\"uagb-section-b520a14c-1a19-42c7-85ba-50d37e25879f\"><div class=\"uagb-section__overlay\"><\/div><div class=\"uagb-section__inner-wrap\">\n<div class=\"wp-block-uagb-info-box uagb-infobox__outer-wrap uagb-block-bab70efd-c8b2-4644-95dd-c8c5df95fc38\" id=\"uagb-infobox-a2637282-031f-4144-af48-3b3fabab8d1b\"><div class=\"uagb-infobox__content-wrap uagb-infobox uagb-infobox-has-icon uagb-infobox-icon-above-title uagb-infobox-image-valign-top uagb-infobox-enable-border-radius \"><div class=\"uagb-ifb-left-right-wrap\"><div class=\"uagb-ifb-content\"><div class=\"uagb-ifb-image-icon-content uagb-ifb-imgicon-wrap\"><div class=\"uagb-ifb-icon-wrap\"><span class=\"uagb-ifb-icon\"><svg xmlns=\"http:\/\/www.w3.org\/2000\/svg\" viewbox=\"0 0 640 512\"><path d=\"M0 256v128c0 17.7 14.3 32 32 32h32V224H32c-17.7 0-32 14.3-32 32zM464 96H352V32c0-17.7-14.3-32-32-32s-32 14.3-32 32v64H176c-44.2 0-80 35.8-80 80v272c0 35.3 28.7 64 64 64h320c35.3 0 64-28.7 64-64V176c0-44.2-35.8-80-80-80zM256 416h-64v-32h64v32zm-32-120c-22.1 0-40-17.9-40-40s17.9-40 40-40 40 17.9 40 40-17.9 40-40 40zm128 120h-64v-32h64v32zm96 0h-64v-32h64v32zm-32-120c-22.1 0-40-17.9-40-40s17.9-40 40-40 40 17.9 40 40-17.9 40-40 40zm192-72h-32v192h32c17.7 0 32-14.3 32-32V256c0-17.7-14.3-32-32-32z\"><\/path><\/svg><\/span><\/div><\/div><div class=\"uagb-ifb-title-wrap\"><span class=\"uagb-ifb-title-prefix\"><br> A rob\u00f3tica educacional pode transformar suas aulas trazendo um avan\u00e7o significativo para o processo de ensino e aprendizagem. Primeiramente trazendo conhecimento sobre tecnologia e linguagens de programa\u00e7\u00e3o, tamb\u00e9m como recurso motivacional, as atividades com rob\u00f3tica podem envolver diversas disciplinas, deixando o aprendizado mais prazeroso, inclusive para alunos com dificuldades de aprendizado.  <br>Mas principalmente com ela \u00e9 poss\u00edvel promover a autonomia e liberdade para o aluno criar seus pr\u00f3prios projetos.   <\/span><h3 class=\"uagb-ifb-title\">OBJETIVOS DA ROB\u00d3TICA EDUCACIONAL <\/h3><\/div><div class=\"uagb-ifb-text-wrap\"><\/div><\/div><\/div><\/div><\/div>\n\n\n\n<section class=\"wp-block-uagb-columns uagb-columns__wrap uagb-columns__background-undefined uagb-columns__stack-mobile uagb-columns__valign-undefined uagb-columns__gap-10 alignundefined uagb-block-7e960a28-16ae-4f07-a5ac-44c1e10d37f7\" id=\"uagb-columns-7216fb82-00a5-4854-b742-852d60eaa139\"><div class=\"uagb-columns__overlay\"><\/div><div class=\"uagb-columns__inner-wrap uagb-columns__columns-6\">\n<div class=\"wp-block-uagb-column uagb-column__wrap uagb-column__background-color uagb-block-8178dadb-2bca-4c1b-beba-dfb25cd182ca\"><div class=\"uagb-column__overlay\"><\/div><div class=\"uagb-column__inner-wrap\">\n<p style=\"font-size:17px\" class=\"has-text-align-center\">Desenvolver a autonomia, isto \u00e9, a capacidade de se posicionar, elaborar projetos pessoais,<br>\nparticipar na tomada de decis\u00f5es coletivas;<\/p>\n<\/div><\/div>\n\n\n\n<div class=\"wp-block-uagb-column uagb-column__wrap uagb-column__background-color uagb-block-d2ade394-b31d-4012-90f6-308d0963a25c\"><div class=\"uagb-column__overlay\"><\/div><div class=\"uagb-column__inner-wrap\">\n<p style=\"font-size:17px\" class=\"has-text-align-center\">Desenvolver a capacidade de trabalhar em grupo: respeito a opini\u00f5es dos outros;<\/p>\n<\/div><\/div>\n\n\n\n<div class=\"wp-block-uagb-column uagb-column__wrap uagb-column__background-color uagb-block-c5b4ad72-7857-4677-9b89-0a97f12a0b7d\"><div class=\"uagb-column__overlay\"><\/div><div class=\"uagb-column__inner-wrap\">\n<p style=\"font-size:17px\" class=\"has-text-align-center\">Proporcionar o desenvolvimento de projetos utilizando conhecimento de diversas \u00e1reas;<\/p>\n<\/div><\/div>\n\n\n\n<div class=\"wp-block-uagb-column uagb-column__wrap uagb-column__background-color uagb-block-77e6acd3-41a4-48d4-91fb-bc6e06673b36\"><div class=\"uagb-column__overlay\"><\/div><div class=\"uagb-column__inner-wrap\">\n<p style=\"font-size:17px\" class=\"has-text-align-center\">Desenvolver a capacidade de pensar m\u00faltiplas alternativas para a solu\u00e7\u00e3o de um problema;<br> <\/p>\n<\/div><\/div>\n\n\n\n<div class=\"wp-block-uagb-column uagb-column__wrap uagb-column__background-color uagb-block-0ea4f412-e1a8-450c-b3e1-72dcc0cf0112\"><div class=\"uagb-column__overlay\"><\/div><div class=\"uagb-column__inner-wrap\">\n<p style=\"font-size:17px\" class=\"has-text-align-center\">Desenvolver habilidades e compet\u00eancias ligadas \u00e0 l\u00f3gica, no\u00e7\u00e3o espacial, pensamento<br> matem\u00e1tico, organiza\u00e7\u00e3o e planejamento de projetos envolvendo rob\u00f4s;<\/p>\n<\/div><\/div>\n\n\n\n<div class=\"wp-block-uagb-column uagb-column__wrap uagb-column__background-color uagb-block-2fafd9d1-4324-475e-b1ae-df30d6148460\"><div class=\"uagb-column__overlay\"><\/div><div class=\"uagb-column__inner-wrap\">\n<p style=\"font-size:17px\" class=\"has-text-align-center\">Promover a interdisciplinaridade, favorecendo a integra\u00e7\u00e3o de conceitos de diversas \u00e1reas, tais como: linguagem, matem\u00e1tica, f\u00edsica, ci\u00eancias, hist\u00f3ria, geografia, artes, etc&#8230;<\/p>\n<\/div><\/div>\n<\/div><\/section>\n\n\n\n<p class=\"has-text-align-right\">Fonte: SILVA, A. F. da. RoboEduc: Uma Metodologia de Aprendizado com Rob\u00f3tica,  Educacional. Tese (Doutorado em Engenharia El\u00e9trica) &#8211; UFRN. Natal, RN, 2009.<\/p>\n<\/div><\/section>\n\n\n\n<section class=\"wp-block-uagb-section uagb-section__wrap uagb-section__background-color uagb-block-180bfdab\" id=\"uagb-section-8aac3161-06aa-48b2-97ac-68e48e169752\"><div class=\"uagb-section__overlay\"><\/div><div class=\"uagb-section__inner-wrap\">\n<section class=\"wp-block-uagb-columns uagb-columns__wrap uagb-columns__background-undefined uagb-columns__stack-mobile uagb-columns__valign-undefined uagb-columns__gap-10 alignwide uagb-block-8dbbbb1c-5b59-4831-9e10-0d52a8bbd29e\" id=\"uagb-columns-a6443bb6-362e-4ee4-a9bb-0975230490a8\"><div class=\"uagb-columns__overlay\"><\/div><div class=\"uagb-columns__inner-wrap uagb-columns__columns-2\">\n\n<div class=\"wp-block-uagb-column uagb-column__wrap uagb-column__background-color uagb-block-fef3b154-0964-4d87-b80b-270726239f83\"><div class=\"uagb-column__overlay\"><\/div><div class=\"uagb-column__inner-wrap\">\n\n<div class=\"wp-block-uagb-info-box uagb-infobox__outer-wrap uagb-block-33b4c50c-ceca-43c3-8a70-f49ef7f2b5ed\" id=\"uagb-infobox-df66b44f-6794-45bb-ac80-baabc9f4b8ff\"><div class=\"uagb-infobox__content-wrap uagb-infobox uagb-infobox-has-icon uagb-infobox-icon-above-title uagb-infobox-image-valign-top uagb-infobox-enable-border-radius \"><div class=\"uagb-ifb-left-right-wrap\"><div class=\"uagb-ifb-content\"><div class=\"uagb-ifb-image-icon-content uagb-ifb-imgicon-wrap\"><div class=\"uagb-ifb-icon-wrap\"><span class=\"uagb-ifb-icon\"><svg xmlns=\"http:\/\/www.w3.org\/2000\/svg\" viewbox=\"0 0 640 512\"><path d=\"M0 256v128c0 17.7 14.3 32 32 32h32V224H32c-17.7 0-32 14.3-32 32zM464 96H352V32c0-17.7-14.3-32-32-32s-32 14.3-32 32v64H176c-44.2 0-80 35.8-80 80v272c0 35.3 28.7 64 64 64h320c35.3 0 64-28.7 64-64V176c0-44.2-35.8-80-80-80zM256 416h-64v-32h64v32zm-32-120c-22.1 0-40-17.9-40-40s17.9-40 40-40 40 17.9 40 40-17.9 40-40 40zm128 120h-64v-32h64v32zm96 0h-64v-32h64v32zm-32-120c-22.1 0-40-17.9-40-40s17.9-40 40-40 40 17.9 40 40-17.9 40-40 40zm192-72h-32v192h32c17.7 0 32-14.3 32-32V256c0-17.7-14.3-32-32-32z\"><\/path><\/svg><\/span><\/div><\/div><div class=\"uagb-ifb-title-wrap\"><h3 class=\"uagb-ifb-title\"> LEGO Mindstorms\u00ae &#8211; EV3   <\/h3><\/div><div class=\"uagb-ifb-separator-parent\"><div class=\"uagb-ifb-separator\"><\/div><\/div><div class=\"uagb-ifb-text-wrap\"><p class=\"uagb-ifb-desc\"> O Kit LEGO\u00ae MINDSTORMS\u00ae Education EV3 \u00e9 uma solu\u00e7\u00e3o STEM que envolve os alunos, fornecendo os recursos para projetar, construir, prototipar e programar suas cria\u00e7\u00f5es, ajudando-os a desenvolver habilidades essenciais, como criatividade, pensamento cr\u00edtico, colabora\u00e7\u00e3o e comunica\u00e7\u00e3o. <br>O kit possui motores e sensores e mais de 500 pe\u00e7as, possibilitando a montagem de diversos<br> rob\u00f4s diferentes, al\u00e9m de trazer um software simplificado para programa\u00e7\u00e3o.<br><br><br><\/p><\/div><\/div><\/div><\/div><\/div>\n\n<\/div><\/div>\n\n\n<div class=\"wp-block-uagb-column uagb-column__wrap uagb-column__background-color uagb-block-d87353a6-6e33-492d-bfb9-8d28727b2765\"><div class=\"uagb-column__overlay\"><\/div><div class=\"uagb-column__inner-wrap\">\n\n<figure class=\"wp-block-image size-large\"><img decoding=\"async\" loading=\"lazy\" width=\"1024\" height=\"1024\" src=\"https:\/\/imagimaker.com.br\/wp-content\/uploads\/2020\/01\/2d9e36d3-afaf-4203-aa23-a58d00d7ca07-1024x1024.jpg\" alt=\"\" class=\"wp-image-320\" srcset=\"https:\/\/imagimaker.com.br\/wp-content\/uploads\/2020\/01\/2d9e36d3-afaf-4203-aa23-a58d00d7ca07-1024x1024.jpg 1024w, https:\/\/imagimaker.com.br\/wp-content\/uploads\/2020\/01\/2d9e36d3-afaf-4203-aa23-a58d00d7ca07-300x300.jpg 300w, https:\/\/imagimaker.com.br\/wp-content\/uploads\/2020\/01\/2d9e36d3-afaf-4203-aa23-a58d00d7ca07-150x150.jpg 150w, https:\/\/imagimaker.com.br\/wp-content\/uploads\/2020\/01\/2d9e36d3-afaf-4203-aa23-a58d00d7ca07-768x768.jpg 768w, https:\/\/imagimaker.com.br\/wp-content\/uploads\/2020\/01\/2d9e36d3-afaf-4203-aa23-a58d00d7ca07.jpg 1050w\" sizes=\"(max-width: 1024px) 100vw, 1024px\" \/><\/figure>\n\n<\/div><\/div>\n\n<\/div><\/section>\n<\/div><\/section>\n\n\n\n<section class=\"wp-block-uagb-section uagb-section__wrap uagb-section__background-image uagb-block-f9e8af7f-ae89-4551-9d5e-b77a0ac659cd\" id=\"uagb-section-45fd11cf-5e0a-4c76-8734-c1f6c2675c1a\"><div class=\"uagb-section__overlay\"><\/div><div class=\"uagb-section__inner-wrap\">\n<p><\/p>\n\n\n\n<div class=\"wp-block-uagb-advanced-heading uagb-block-4d6a0de0-02c5-4d65-a25a-5ac2fa9877c4\" id=\"uagb-adv-heading-1f05ec45-1004-4c28-9448-fcdb562a5c56\"><h2 class=\"uagb-heading-text\">NOSSO CURSO <\/h2><p class=\"uagb-desc-text\">O Curso conta com 8h intensivas, iniciando pela montagem de um rob\u00f4 com sensores e motores e ent\u00e3o partimos para a programa\u00e7\u00e3o, iniciando do mais b\u00e1sico e avan\u00e7ando r\u00e1pido para a solu\u00e7\u00e3o de desafios.  <\/p><\/div>\n\n\n\n<section class=\"wp-block-uagb-columns uagb-columns__wrap uagb-columns__background-undefined uagb-columns__stack-mobile uagb-columns__valign-undefined uagb-columns__gap-10 alignwide uagb-block-c09beebb-d7b1-4526-9be7-038cae83eacd\" id=\"uagb-columns-b2308f6f-d82c-4bdd-bc1f-0ec3e0b792d0\"><div class=\"uagb-columns__overlay\"><\/div><div class=\"uagb-columns__inner-wrap uagb-columns__columns-3\">\n<div class=\"wp-block-uagb-column uagb-column__wrap uagb-column__background-color uagb-block-0323d117-dcc0-4f0a-bd9a-ee09208d4e22\"><div class=\"uagb-column__overlay\"><\/div><div class=\"uagb-column__inner-wrap\">\n<div class=\"wp-block-cover has-background-dim\" style=\"background-image:url(https:\/\/imagimaker.com.br\/wp-content\/uploads\/2020\/01\/IMG_6386-1024x575.jpg)\"><div class=\"wp-block-cover__inner-container\">\n<p style=\"font-size:30px\" class=\"has-text-align-center\">Desafios de montagem de rob\u00f4s<\/p>\n<\/div><\/div>\n<\/div><\/div>\n\n\n\n<div class=\"wp-block-uagb-column uagb-column__wrap uagb-column__background-color uagb-block-b17340e1-e065-4c90-bd17-29c55b8ac516\"><div class=\"uagb-column__overlay\"><\/div><div class=\"uagb-column__inner-wrap\">\n<div class=\"wp-block-uagb-info-box uagb-infobox__outer-wrap uagb-block-d43208fe-ca98-4a30-b2f1-056ed768238e\" id=\"uagb-infobox-21147836-d122-4430-8601-ee36a0f04ae3\"><div class=\"uagb-infobox__content-wrap uagb-infobox uagb-infobox-has-icon uagb-infobox-icon-above-title uagb-infobox-image-valign-top uagb-infobox-enable-border-radius \"><div class=\"uagb-ifb-left-right-wrap\"><div class=\"uagb-ifb-content\"><div class=\"uagb-ifb-title-wrap\"><h2 class=\"uagb-ifb-title\">Conte\u00fado program\u00e1tico <\/h2><\/div><div class=\"uagb-ifb-text-wrap\"><p class=\"uagb-ifb-desc\"> Montagem e programa\u00e7\u00e3o de rob\u00f4s com o kit educacional da LEGO Mindstorms EV3.&nbsp;<br>&#8211; Conhecendo o kit e suas possibilidades, compara\u00e7\u00e3o com placas de desenvolvimento (Ardu\u00edno, micro:bit e ideabit);<br>&#8211; Montando um rob\u00f4 (passo a passo);<br>&#8211; Montando e programando com sensores;&nbsp;<br>&#8211; Automa\u00e7\u00e3o do rob\u00f4 a partir de sensores: Desvia obst\u00e1culo, a\u00e7\u00f5es a partir da identifica\u00e7\u00e3o de cores, curvas e rota\u00e7\u00f5es controladas, etc; <br>&#8211; Comuta\u00e7\u00e3o e ciclos de repeti\u00e7\u00e3o; <br>&#8211; Rob\u00f4 seguidor de linha simples e proporcional;&nbsp;<br>&#8211; Programando uma batalha de rob\u00f4s;<br>&#8211; Constru\u00e7\u00e3o de desafios;<br>&#8211; Programa\u00e7\u00e3o para solu\u00e7\u00e3o de desafios;<br>&#8211; Como trabalhar rob\u00f3tica em equipes;&nbsp;<br>&#8211; Desafios relacionados a Olimp\u00edada Brasileira de Rob\u00f3tica;<br>&#8211; Desafios relacionados a First Lego League e First Lego League Junior;<br>&#8211; Pequena competi\u00e7\u00e3o para aprimorar montagem e programa\u00e7\u00e3o;<br>&#8211; Desafios planejados para simular miss\u00f5es de competi\u00e7\u00f5es como a OBR (Olimp\u00edada Brasileira de Rob\u00f3tica), FLL (First Lego League) e FLL Jr (First Lego League Junior).<\/p><\/div><\/div><\/div><\/div><\/div>\n\n\n\n<p><\/p>\n<\/div><\/div>\n\n\n\n<div class=\"wp-block-uagb-column uagb-column__wrap uagb-column__background-color uagb-block-665841e4-e1ab-4e54-ba15-b0ea6c3c0ee6\"><div class=\"uagb-column__overlay\"><\/div><div class=\"uagb-column__inner-wrap\">\n<div class=\"wp-block-cover has-background-dim\" style=\"background-image:url(https:\/\/imagimaker.com.br\/wp-content\/uploads\/2020\/01\/IMG_6377-1024x575.jpg);background-position:51.06201171875% 48.74131944444444%\"><div class=\"wp-block-cover__inner-container\">\n<p style=\"font-size:30px\" class=\"has-text-align-center\">Desafios de programa\u00e7\u00e3o <\/p>\n<\/div><\/div>\n<\/div><\/div>\n<\/div><\/section>\n<\/div><\/section>\n\n\n\n<section class=\"wp-block-uagb-section uagb-section__wrap uagb-section__background-undefined uagb-block-28e49c11-ff2a-4f3c-8479-ec2e73480441\" id=\"uagb-section-65f3d390-c93a-4ebc-a28e-823667e8a5bd\"><div class=\"uagb-section__overlay\"><\/div><div class=\"uagb-section__inner-wrap\">\n<section class=\"wp-block-uagb-columns uagb-columns__wrap uagb-columns__background-undefined uagb-columns__stack-mobile uagb-columns__valign-center uagb-columns__gap-10 alignwide uagb-block-5925441b-70e5-4295-8e2c-6ede154b4dfc\" id=\"uagb-columns-2dc65265-4096-4f5c-91e1-6043a293572e\"><div class=\"uagb-columns__overlay\"><\/div><div class=\"uagb-columns__inner-wrap uagb-columns__columns-3\">\n<div class=\"wp-block-uagb-column uagb-column__wrap uagb-column__background-color uagb-block-c63206a2-1cb4-4591-bf70-d3d42f13c3c1\"><div class=\"uagb-column__overlay\"><\/div><div class=\"uagb-column__inner-wrap\">\n<p class=\"has-text-align-center has-medium-font-size\">Fazendo o curso voc\u00ea ainda recebe um manual did\u00e1tico com todas as programa\u00e7\u00f5es realizadas no curso, diversos modelos de desafios para realizar com seus alunos e orienta\u00e7\u00f5es sobre competi\u00e7\u00f5es.  <\/p>\n\n\n\n<p><\/p>\n<\/div><\/div>\n\n\n\n<div class=\"wp-block-uagb-column uagb-column__wrap uagb-column__background-color uagb-block-e00ea0f6-dc34-4917-b83f-9d2c1d4b6035\"><div class=\"uagb-column__overlay\"><\/div><div class=\"uagb-column__inner-wrap\">\n<figure class=\"wp-block-image size-large\"><img decoding=\"async\" loading=\"lazy\" width=\"554\" height=\"554\" src=\"https:\/\/imagimaker.com.br\/wp-content\/uploads\/2020\/01\/images-2.jpg\" alt=\"\" class=\"wp-image-499\" srcset=\"https:\/\/imagimaker.com.br\/wp-content\/uploads\/2020\/01\/images-2.jpg 554w, https:\/\/imagimaker.com.br\/wp-content\/uploads\/2020\/01\/images-2-300x300.jpg 300w, https:\/\/imagimaker.com.br\/wp-content\/uploads\/2020\/01\/images-2-150x150.jpg 150w\" sizes=\"(max-width: 554px) 100vw, 554px\" \/><\/figure>\n<\/div><\/div>\n\n\n\n<div class=\"wp-block-uagb-column uagb-column__wrap uagb-column__background-color uagb-block-048d65ba-5b0d-4c61-a755-b8c1d39bd952\"><div class=\"uagb-column__overlay\"><\/div><div class=\"uagb-column__inner-wrap\">\n<p class=\"has-text-align-center has-medium-font-size\"> Durante o curso ser\u00e3o disponibilizados: Kits LEGO Mindstorms EV3 para constru\u00e7\u00e3o e realiza\u00e7\u00e3o dos desafios. Arenas de batalha de rob\u00f4s e miss\u00f5es para realiza\u00e7\u00e3o de desafios e simula\u00e7\u00e3o das competi\u00e7\u00f5es.  <\/p>\n<\/div><\/div>\n<\/div><\/section>\n\n\n\n<section class=\"wp-block-uagb-columns uagb-columns__wrap uagb-columns__background-undefined uagb-columns__stack-mobile uagb-columns__valign-undefined uagb-columns__gap-10 alignundefined uagb-block-92518cc3-f1e1-4fc1-a460-38ec04acd38c\" id=\"uagb-columns-482c26a7-88b9-4e9e-9f03-30d4af489a74\"><div class=\"uagb-columns__overlay\"><\/div><div class=\"uagb-columns__inner-wrap uagb-columns__columns-2\">\n<div class=\"wp-block-uagb-column uagb-column__wrap uagb-column__background-undefined uagb-block-c2d3f5d2-bf2a-4b95-aea2-a7ab14e6cb8c\"><div class=\"uagb-column__overlay\"><\/div><div class=\"uagb-column__inner-wrap\">\n<figure class=\"wp-block-image alignwide size-large\"><img decoding=\"async\" loading=\"lazy\" width=\"237\" height=\"230\" src=\"https:\/\/imagimaker.com.br\/wp-content\/uploads\/2020\/01\/educators.png\" alt=\"\" class=\"wp-image-485\"\/><\/figure>\n<\/div><\/div>\n\n\n\n<div class=\"wp-block-uagb-column uagb-column__wrap uagb-column__background-undefined uagb-block-e8650840-319b-4690-a03a-5c9d815e31d8\"><div class=\"uagb-column__overlay\"><\/div><div class=\"uagb-column__inner-wrap\">\n<div class=\"wp-block-uagb-info-box uagb-infobox__outer-wrap uagb-block-3ed38844-bec5-456b-9582-533c610c19e9\" id=\"uagb-infobox-a8ab23b9-d350-4e96-9274-ebdfd7d5aa88\"><div class=\"uagb-infobox__content-wrap uagb-infobox uagb-infobox-has-icon uagb-infobox-icon-above-title uagb-infobox-image-valign-top uagb-infobox-enable-border-radius \"><div class=\"uagb-ifb-left-right-wrap\"><div class=\"uagb-ifb-content\"><div class=\"uagb-ifb-title-wrap\"><h3 class=\"uagb-ifb-title\">Turma com no m\u00e1ximo 12 participantes e 2 instrutoras para dar todo apoio necess\u00e1rio.<\/h3><\/div><div class=\"uagb-ifb-separator-parent\"><div class=\"uagb-ifb-separator\"><\/div><\/div><div class=\"uagb-ifb-text-wrap\"><p class=\"uagb-ifb-desc\">Professores certificados pela LEGO EDUCATION ACADEMY, que atuam como ju\u00edzes na FLL e FLL Jr<br><br> SE INTERESSOU? FA\u00c7A SUA PR\u00c9 INSCRI\u00c7\u00c3O E RECEBA INFORMA\u00c7\u00d5ES SOBRE AS NOVAS TURMAS.  <\/p><\/div><\/div><\/div><\/div><\/div>\n\n\n\n<div class=\"wp-block-button aligncenter is-style-fill\"><a class=\"wp-block-button__link has-text-color has-very-dark-gray-color has-background has-luminous-vivid-orange-background-color\" href=\"https:\/\/forms.gle\/1p2KQRa74k5gfCQh6\" style=\"border-radius:7px\">FA\u00c7A SUA PR\u00c9 INSCRI\u00c7\u00c3O<\/a><\/div>\n<\/div><\/div>\n<\/div><\/section>\n\n\n\n<p><\/p>\n<\/div><\/section>\n\n\n\n<section class=\"wp-block-uagb-section uagb-section__wrap uagb-section__background-undefined uagb-block-20c4b903-8036-45a7-87e6-f9a08284fc61\" id=\"uagb-section-ce641a37-5475-45ac-b4bd-b643d7ac91bd\"><div class=\"uagb-section__overlay\"><\/div><div class=\"uagb-section__inner-wrap\"><\/div><\/section>\n","protected":false},"excerpt":{"rendered":"","protected":false},"author":1,"featured_media":0,"parent":0,"menu_order":0,"comment_status":"closed","ping_status":"closed","template":"","meta":{"_uag_custom_page_level_css":""},"uagb_featured_image_src":{"full":false,"thumbnail":false,"medium":false,"medium_large":false,"large":false,"1536x1536":false,"2048x2048":false,"img-1100-450":false,"img-1120-800":false,"img-870-440":false,"img-850-600":false,"img-480-380":false,"img-300-225":false,"img-75-75":false},"uagb_author_info":{"display_name":"imagimaker","author_link":"https:\/\/imagimaker.com.br\/index.php\/author\/imagimaker\/"},"uagb_comment_info":0,"uagb_excerpt":null,"_links":{"self":[{"href":"https:\/\/imagimaker.com.br\/index.php\/wp-json\/wp\/v2\/pages\/384"}],"collection":[{"href":"https:\/\/imagimaker.com.br\/index.php\/wp-json\/wp\/v2\/pages"}],"about":[{"href":"https:\/\/imagimaker.com.br\/index.php\/wp-json\/wp\/v2\/types\/page"}],"author":[{"embeddable":true,"href":"https:\/\/imagimaker.com.br\/index.php\/wp-json\/wp\/v2\/users\/1"}],"replies":[{"embeddable":true,"href":"https:\/\/imagimaker.com.br\/index.php\/wp-json\/wp\/v2\/comments?post=384"}],"version-history":[{"count":83,"href":"https:\/\/imagimaker.com.br\/index.php\/wp-json\/wp\/v2\/pages\/384\/revisions"}],"predecessor-version":[{"id":821,"href":"https:\/\/imagimaker.com.br\/index.php\/wp-json\/wp\/v2\/pages\/384\/revisions\/821"}],"wp:attachment":[{"href":"https:\/\/imagimaker.com.br\/index.php\/wp-json\/wp\/v2\/media?parent=384"}],"curies":[{"name":"wp","href":"https:\/\/api.w.org\/{rel}","templated":true}]}}