{"id":219,"date":"2019-11-28T15:57:06","date_gmt":"2019-11-28T18:57:06","guid":{"rendered":"https:\/\/imagimaker.com.br\/?page_id=219"},"modified":"2020-04-27T18:34:16","modified_gmt":"2020-04-27T21:34:16","slug":"formacao-de-educadores","status":"publish","type":"page","link":"https:\/\/imagimaker.com.br\/index.php\/formacao-de-educadores\/","title":{"rendered":"Forma\u00e7\u00e3o de educadores"},"content":{"rendered":"\n<section class=\"wp-block-uagb-section uagb-section__wrap uagb-section__background-image\" id=\"uagb-section-3d2e0b3d-8d78-4551-94c3-6cadd2bef138\"><div class=\"uagb-section__overlay\"><\/div><div class=\"uagb-section__inner-wrap\"><\/div><\/section>\n\n\n\n<section class=\"wp-block-uagb-section uagb-section__wrap uagb-section__background-color\" id=\"uagb-section-5b9d7fb1-25e8-407e-b362-bddf44c37a7a\"><div class=\"uagb-section__overlay\"><\/div><div class=\"uagb-section__inner-wrap\">\n<p><\/p>\n\n\n\n<div class=\"wp-block-uagb-advanced-heading\" id=\"uagb-adv-heading-5dda6880-987f-4709-ae3c-7f5ddd83b187\"><h1 class=\"uagb-heading-text\">Cursos e oficinas com  LEGO Mindstorms\u00ae &#8211; EV3  <\/h1><p class=\"uagb-desc-text\">Nosso cursos trazem o diferencial que o professor precisa para se destacar! <\/p><\/div>\n\n\n\n<section class=\"wp-block-uagb-columns uagb-columns__wrap uagb-columns__background-undefined uagb-columns__stack-mobile uagb-columns__valign-undefined uagb-columns__gap-10 alignwide\" id=\"uagb-columns-f423705f-f1d5-4e5f-962c-ed459442a473\"><div class=\"uagb-columns__overlay\"><\/div><div class=\"uagb-columns__inner-wrap uagb-columns__columns-3\">\n<div class=\"wp-block-uagb-column uagb-column__wrap uagb-column__background-color\" id=\"uagb-column-5385a4a1-3fd4-4948-beb7-7bfdac810e5b\"><div class=\"uagb-column__overlay\"><\/div><div class=\"uagb-column__inner-wrap\">\n<div class=\"uagb-infobox__outer-wrap\" id=\"uagb-infobox-75a8a61f-0879-4c43-9127-254f28586784\"><div class=\"uagb-infobox__content-wrap uagb-infobox uagb-infobox-has-icon uagb-infobox-icon-above-title uagb-infobox-image-valign-top uagb-infobox-enable-border-radius \"><div class=\"uagb-ifb-left-right-wrap\"><div class=\"uagb-ifb-content\"><div class=\"uagb-ifb-title-wrap\"><h3 class=\"uagb-ifb-title\">Curso  (8h)<br> ROB\u00d3TICA COM LEGO<br>Mindstorms\u00ae &#8211; EV3 <\/h3><\/div><div class=\"uagb-ifb-separator-parent\"><div class=\"uagb-ifb-separator\"><\/div><\/div><div class=\"uagb-ifb-text-wrap\"><p class=\"uagb-ifb-desc\">Um curso completo para aprender a montar e programar rob\u00f4s com o kit LEGO Mindstorms\u00ae &#8211; EV3.<br>E ainda simular competi\u00e7\u00f5es, resolvendo desafios super divertidos <br><br><br>*Professora licenciada pelo LEGO Education*<br><br><\/p><\/div><\/div><\/div><\/div><\/div>\n\n\n\n<div class=\"wp-block-button aligncenter is-style-outline\"><a class=\"wp-block-button__link\" href=\"https:\/\/imagimaker.com.br\/index.php\/curso-lego-ev3\/\">Saiba mais <\/a><\/div>\n<\/div><\/div>\n\n\n\n<div class=\"wp-block-uagb-column uagb-column__wrap uagb-column__background-color\" id=\"uagb-column-e5a58925-6959-4c2e-ad45-2df9c65f4d63\"><div class=\"uagb-column__overlay\"><\/div><div class=\"uagb-column__inner-wrap\">\n<div class=\"uagb-infobox__outer-wrap\" id=\"uagb-infobox-d38599e7-0d5b-431e-8266-8d4072bc4ffd\"><div class=\"uagb-infobox__content-wrap uagb-infobox uagb-infobox-has-icon uagb-infobox-icon-above-title uagb-infobox-image-valign-top uagb-infobox-enable-border-radius \"><div class=\"uagb-ifb-left-right-wrap\"><div class=\"uagb-ifb-content\"><div class=\"uagb-ifb-image-icon-content uagb-ifb-imgicon-wrap\"><div class=\"uagb-ifb-icon-wrap\"><span class=\"uagb-ifb-icon\"><svg xmlns=\"http:\/\/www.w3.org\/2000\/svg\" viewbox=\"0 0 640 512\"><path d=\"M0 256v128c0 17.7 14.3 32 32 32h32V224H32c-17.7 0-32 14.3-32 32zM464 96H352V32c0-17.7-14.3-32-32-32s-32 14.3-32 32v64H176c-44.2 0-80 35.8-80 80v272c0 35.3 28.7 64 64 64h320c35.3 0 64-28.7 64-64V176c0-44.2-35.8-80-80-80zM256 416h-64v-32h64v32zm-32-120c-22.1 0-40-17.9-40-40s17.9-40 40-40 40 17.9 40 40-17.9 40-40 40zm128 120h-64v-32h64v32zm96 0h-64v-32h64v32zm-32-120c-22.1 0-40-17.9-40-40s17.9-40 40-40 40 17.9 40 40-17.9 40-40 40zm192-72h-32v192h32c17.7 0 32-14.3 32-32V256c0-17.7-14.3-32-32-32z\"><\/path><\/svg><\/span><\/div><\/div><div class=\"uagb-ifb-title-wrap\"><h3 class=\"uagb-ifb-title\"> Cursos e oficinas com  LEGO Mindstorms\u00ae &#8211; EV3   <\/h3><\/div><div class=\"uagb-ifb-separator-parent\"><div class=\"uagb-ifb-separator\"><\/div><\/div><div class=\"uagb-ifb-text-wrap\"><\/div><\/div><\/div><\/div><\/div>\n\n\n\n<figure class=\"wp-block-image size-large\"><img decoding=\"async\" loading=\"lazy\" width=\"1024\" height=\"1024\" src=\"https:\/\/imagimaker.com.br\/wp-content\/uploads\/2020\/01\/2d9e36d3-afaf-4203-aa23-a58d00d7ca07-1024x1024.jpg\" alt=\"\" class=\"wp-image-320\" srcset=\"https:\/\/imagimaker.com.br\/wp-content\/uploads\/2020\/01\/2d9e36d3-afaf-4203-aa23-a58d00d7ca07-1024x1024.jpg 1024w, https:\/\/imagimaker.com.br\/wp-content\/uploads\/2020\/01\/2d9e36d3-afaf-4203-aa23-a58d00d7ca07-300x300.jpg 300w, https:\/\/imagimaker.com.br\/wp-content\/uploads\/2020\/01\/2d9e36d3-afaf-4203-aa23-a58d00d7ca07-150x150.jpg 150w, https:\/\/imagimaker.com.br\/wp-content\/uploads\/2020\/01\/2d9e36d3-afaf-4203-aa23-a58d00d7ca07-768x768.jpg 768w, https:\/\/imagimaker.com.br\/wp-content\/uploads\/2020\/01\/2d9e36d3-afaf-4203-aa23-a58d00d7ca07.jpg 1050w\" sizes=\"(max-width: 1024px) 100vw, 1024px\" \/><\/figure>\n<\/div><\/div>\n\n\n\n<div class=\"wp-block-uagb-column uagb-column__wrap uagb-column__background-color\" id=\"uagb-column-13fa2dcb-94c6-44f1-a168-625f3788f774\"><div class=\"uagb-column__overlay\"><\/div><div class=\"uagb-column__inner-wrap\">\n<div class=\"uagb-infobox__outer-wrap\" id=\"uagb-infobox-7348f989-53d4-4589-bfbd-b3450623db45\"><div class=\"uagb-infobox__content-wrap uagb-infobox uagb-infobox-has-icon uagb-infobox-icon-above-title uagb-infobox-image-valign-top uagb-infobox-enable-border-radius \"><div class=\"uagb-ifb-left-right-wrap\"><div class=\"uagb-ifb-content\"><div class=\"uagb-ifb-title-wrap\"><h3 class=\"uagb-ifb-title\">Oficina  (4h)<br> Rob\u00f3tica, programa\u00e7\u00e3o e inova\u00e7\u00e3o<br>com  LEGO Mindstorms\u00ae &#8211; EV3 <\/h3><\/div><div class=\"uagb-ifb-separator-parent\"><div class=\"uagb-ifb-separator\"><\/div><\/div><div class=\"uagb-ifb-text-wrap\"><p class=\"uagb-ifb-desc\"> 4 horas de rob\u00f3tica, programa\u00e7\u00e3o e inova\u00e7\u00e3o!&nbsp;<br>Em uma oficina divertida e muito pr\u00e1tica, os participantes ser\u00e3o desafiados a projetar uma solu\u00e7\u00e3o inovadora, usando os fundamentos da ind\u00fastria 4.0, para um problema transdisciplinar relacionado a sustentabilidade,&nbsp;&nbsp;<br><br> <br><br>*Professora licenciada pelo LEGO Education*<br><br><\/p><div class=\"uagb-ifb-cta uagb-infobox-cta-link-style\"><div class=\"uagb-ifb-button-wrapper\"><a href=\"#\" class=\"uagb-infobox-cta-link uagb-ifb-cta-button\" target=\"_self\" rel=\"noopener noreferrer\"><span class=\"uagb-ifb-cta-content-wrapper\"><span class=\"uagb-inline-editing \">Saiba mais <\/span><\/span><\/a><\/div><\/div><\/div><\/div><\/div><\/div><\/div>\n<\/div><\/div>\n<\/div><\/section>\n<\/div><\/section>\n\n\n\n<section class=\"wp-block-uagb-section uagb-section__wrap uagb-section__background-color\" id=\"uagb-section-7817a16e-5737-4f22-91ca-931d7ea692a8\"><div class=\"uagb-section__overlay\"><\/div><div class=\"uagb-section__inner-wrap\">\n<p><\/p>\n\n\n\n<div class=\"wp-block-uagb-advanced-heading\" id=\"uagb-adv-heading-49bbc58b-b283-4e64-8ab4-fe702ba8bb13\"><h1 class=\"uagb-heading-text\">Curso completo de rob\u00f3tica educacional <\/h1><p class=\"uagb-desc-text\">20 horas  (5 dias)<br>Cada dia uma nova ferramenta que vai transformar seu jeito de ensinar <\/p><\/div>\n\n\n\n<section class=\"wp-block-uagb-columns uagb-columns__wrap uagb-columns__background-undefined uagb-columns__stack-mobile uagb-columns__valign-undefined uagb-columns__gap-10 alignwide\" id=\"uagb-columns-69afa8b5-1606-4114-87f6-cbb5f611eaaa\"><div class=\"uagb-columns__overlay\"><\/div><div class=\"uagb-columns__inner-wrap uagb-columns__columns-5\">\n<div class=\"wp-block-uagb-column uagb-column__wrap uagb-column__background-color\" id=\"uagb-column-328ba6ce-9af4-4ef9-9a77-171c99cc1576\"><div class=\"uagb-column__overlay\"><\/div><div class=\"uagb-column__inner-wrap\">\n<div class=\"uagb-infobox__outer-wrap\" id=\"uagb-infobox-2d8dd5c8-b168-4d6e-827f-31154f4e30a2\"><div class=\"uagb-infobox__content-wrap uagb-infobox uagb-infobox-has-image uagb-infobox-icon-above-title uagb-infobox-image-valign-top uagb-infobox-enable-border-radius \"><div class=\"uagb-ifb-left-right-wrap\"><div class=\"uagb-ifb-content\"><div class=\"uagb-ifb-image-icon-content uagb-ifb-imgicon-wrap\"><div class=\"uagb-ifb-image\"><div class=\"uagb-ifb-image-content\"><img decoding=\"async\" class=\"\" src=\"https:\/\/imagimaker.com.br\/wp-content\/uploads\/2020\/01\/images-150x150.jpg\" alt=\"\"\/><\/div><\/div><\/div><div class=\"uagb-ifb-title-wrap\"><h3 class=\"uagb-ifb-title\"><br>LEGO<br>Mindstorms\u00ae &#8211; EV3 <\/h3><\/div><div class=\"uagb-ifb-separator-parent\"><div class=\"uagb-ifb-separator\"><\/div><\/div><div class=\"uagb-ifb-text-wrap\"><p class=\"uagb-ifb-desc\">Aprenda a montar e programar rob\u00f4s com o kit LEGO Mindstorms\u00ae &#8211; EV3, <br><br>*Professora licenciada pelo LEGO Education*<\/p><\/div><\/div><\/div><\/div><\/div>\n<\/div><\/div>\n\n\n\n<div class=\"wp-block-uagb-column uagb-column__wrap uagb-column__background-color\" id=\"uagb-column-a6e36ebd-2e90-4082-bf23-fa508fd46b24\"><div class=\"uagb-column__overlay\"><\/div><div class=\"uagb-column__inner-wrap\">\n<div class=\"uagb-infobox__outer-wrap\" id=\"uagb-infobox-27c0a94e-e16e-47d1-82b8-189c3a1154a8\"><div class=\"uagb-infobox__content-wrap uagb-infobox uagb-infobox-has-image uagb-infobox-icon-above-title uagb-infobox-image-valign-top uagb-infobox-enable-border-radius \"><div class=\"uagb-ifb-left-right-wrap\"><div class=\"uagb-ifb-content\"><div class=\"uagb-ifb-image-icon-content uagb-ifb-imgicon-wrap\"><div class=\"uagb-ifb-image\"><div class=\"uagb-ifb-image-content\"><img decoding=\"async\" class=\"\" src=\"https:\/\/imagimaker.com.br\/wp-content\/uploads\/2020\/01\/RanDBxY.png\" alt=\"\"\/><\/div><\/div><\/div><div class=\"uagb-ifb-title-wrap\"><h3 class=\"uagb-ifb-title\"><br>Scratch <\/h3><\/div><div class=\"uagb-ifb-separator-parent\"><div class=\"uagb-ifb-separator\"><\/div><\/div><div class=\"uagb-ifb-text-wrap\"><p class=\"uagb-ifb-desc\">Conhe\u00e7a essa ferramenta fant\u00e1stica  para ensinar programa\u00e7\u00e3o e desenvolvimento de jogos. <\/p><\/div><\/div><\/div><\/div><\/div>\n<\/div><\/div>\n\n\n\n<div class=\"wp-block-uagb-column uagb-column__wrap uagb-column__background-color\" id=\"uagb-column-88f0b932-4bd8-4599-bc48-e6c2d1c0a303\"><div class=\"uagb-column__overlay\"><\/div><div class=\"uagb-column__inner-wrap\">\n<div class=\"uagb-infobox__outer-wrap\" id=\"uagb-infobox-dbd5e523-b04c-4da7-b4aa-18a281b306fd\"><div class=\"uagb-infobox__content-wrap uagb-infobox uagb-infobox-has-image uagb-infobox-icon-above-title uagb-infobox-image-valign-top uagb-infobox-enable-border-radius \"><div class=\"uagb-ifb-left-right-wrap\"><div class=\"uagb-ifb-content\"><div class=\"uagb-ifb-image-icon-content uagb-ifb-imgicon-wrap\"><div class=\"uagb-ifb-image\"><div class=\"uagb-ifb-image-content\"><img decoding=\"async\" class=\"\" src=\"https:\/\/imagimaker.com.br\/wp-content\/uploads\/2020\/01\/microbit-front-300x253.png\" alt=\"\"\/><\/div><\/div><\/div><div class=\"uagb-ifb-title-wrap\"><h3 class=\"uagb-ifb-title\"><br>micro:bit  e Ideabit<\/h3><\/div><div class=\"uagb-ifb-separator-parent\"><div class=\"uagb-ifb-separator\"><\/div><\/div><div class=\"uagb-ifb-text-wrap\"><p class=\"uagb-ifb-desc\">Aprenda a programar essas duas placas de desenvolvimento e inspire seus alunos a construir projetos incr\u00edveis.<\/p><\/div><\/div><\/div><\/div><\/div>\n<\/div><\/div>\n\n\n\n<div class=\"wp-block-uagb-column uagb-column__wrap uagb-column__background-color\" id=\"uagb-column-f537356c-9f3a-4cba-a6a5-fe4c544e36f5\"><div class=\"uagb-column__overlay\"><\/div><div class=\"uagb-column__inner-wrap\">\n<div class=\"uagb-infobox__outer-wrap\" id=\"uagb-infobox-14d02a83-7cb2-404f-aee6-d29c35a53b0c\"><div class=\"uagb-infobox__content-wrap uagb-infobox uagb-infobox-has-image uagb-infobox-icon-above-title uagb-infobox-image-valign-top uagb-infobox-enable-border-radius \"><div class=\"uagb-ifb-left-right-wrap\"><div class=\"uagb-ifb-content\"><div class=\"uagb-ifb-image-icon-content uagb-ifb-imgicon-wrap\"><div class=\"uagb-ifb-image\"><div class=\"uagb-ifb-image-content\"><img decoding=\"async\" class=\"\" src=\"https:\/\/imagimaker.com.br\/wp-content\/uploads\/2020\/01\/arduino-logo-300x203.png\" alt=\"\"\/><\/div><\/div><\/div><div class=\"uagb-ifb-title-wrap\"><h3 class=\"uagb-ifb-title\"><br>Arduino <\/h3><\/div><div class=\"uagb-ifb-separator-parent\"><div class=\"uagb-ifb-separator\"><\/div><\/div><div class=\"uagb-ifb-text-wrap\"><p class=\"uagb-ifb-desc\"> Conhe\u00e7a o Ardu\u00edno e suas infinitas possibilidades para a experimenta\u00e7\u00e3o em sala de aula.   Nesse curso voc\u00ea aprender\u00e1  a montar sistemas e programar o Ardu\u00edno para construir experiencias significativas  <br><br><\/p><\/div><\/div><\/div><\/div><\/div>\n<\/div><\/div>\n\n\n\n<div class=\"wp-block-uagb-column uagb-column__wrap uagb-column__background-color\" id=\"uagb-column-02559768-e700-4973-9b4c-0c98d0d9e18e\"><div class=\"uagb-column__overlay\"><\/div><div class=\"uagb-column__inner-wrap\">\n<div class=\"uagb-infobox__outer-wrap\" id=\"uagb-infobox-0f7ae172-9102-4cea-a3c5-d390e41ba113\"><div class=\"uagb-infobox__content-wrap uagb-infobox uagb-infobox-has-icon uagb-infobox-icon-above-title uagb-infobox-image-valign-top uagb-infobox-enable-border-radius \"><div class=\"uagb-ifb-left-right-wrap\"><div class=\"uagb-ifb-content\"><div class=\"uagb-ifb-image-icon-content uagb-ifb-imgicon-wrap\"><div class=\"uagb-ifb-icon-wrap\"><span class=\"uagb-ifb-icon\"><svg xmlns=\"http:\/\/www.w3.org\/2000\/svg\" viewbox=\"0 0 640 512\"><path d=\"M0 256v128c0 17.7 14.3 32 32 32h32V224H32c-17.7 0-32 14.3-32 32zM464 96H352V32c0-17.7-14.3-32-32-32s-32 14.3-32 32v64H176c-44.2 0-80 35.8-80 80v272c0 35.3 28.7 64 64 64h320c35.3 0 64-28.7 64-64V176c0-44.2-35.8-80-80-80zM256 416h-64v-32h64v32zm-32-120c-22.1 0-40-17.9-40-40s17.9-40 40-40 40 17.9 40 40-17.9 40-40 40zm128 120h-64v-32h64v32zm96 0h-64v-32h64v32zm-32-120c-22.1 0-40-17.9-40-40s17.9-40 40-40 40 17.9 40 40-17.9 40-40 40zm192-72h-32v192h32c17.7 0 32-14.3 32-32V256c0-17.7-14.3-32-32-32z\"><\/path><\/svg><\/span><\/div><\/div><div class=\"uagb-ifb-title-wrap\"><h3 class=\"uagb-ifb-title\"><br><br> <strong>Hackathon<\/strong>  de rob\u00f3tica educacional <\/h3><\/div><div class=\"uagb-ifb-separator-parent\"><div class=\"uagb-ifb-separator\"><\/div><\/div><div class=\"uagb-ifb-text-wrap\"><p class=\"uagb-ifb-desc\">Voc\u00ea vai usar seus conhecimentos em rob\u00f3tica educacional para projetar solu\u00e7\u00f5es para a educa\u00e7\u00e3o <\/p><\/div><\/div><\/div><\/div><\/div>\n\n\n\n<p><\/p>\n<\/div><\/div>\n<\/div><\/section>\n<\/div><\/section>\n","protected":false},"excerpt":{"rendered":"","protected":false},"author":1,"featured_media":0,"parent":0,"menu_order":0,"comment_status":"closed","ping_status":"closed","template":"","meta":{"_uag_custom_page_level_css":""},"uagb_featured_image_src":{"full":false,"thumbnail":false,"medium":false,"medium_large":false,"large":false,"1536x1536":false,"2048x2048":false,"img-1100-450":false,"img-1120-800":false,"img-870-440":false,"img-850-600":false,"img-480-380":false,"img-300-225":false,"img-75-75":false},"uagb_author_info":{"display_name":"imagimaker","author_link":"https:\/\/imagimaker.com.br\/index.php\/author\/imagimaker\/"},"uagb_comment_info":0,"uagb_excerpt":null,"_links":{"self":[{"href":"https:\/\/imagimaker.com.br\/index.php\/wp-json\/wp\/v2\/pages\/219"}],"collection":[{"href":"https:\/\/imagimaker.com.br\/index.php\/wp-json\/wp\/v2\/pages"}],"about":[{"href":"https:\/\/imagimaker.com.br\/index.php\/wp-json\/wp\/v2\/types\/page"}],"author":[{"embeddable":true,"href":"https:\/\/imagimaker.com.br\/index.php\/wp-json\/wp\/v2\/users\/1"}],"replies":[{"embeddable":true,"href":"https:\/\/imagimaker.com.br\/index.php\/wp-json\/wp\/v2\/comments?post=219"}],"version-history":[{"count":31,"href":"https:\/\/imagimaker.com.br\/index.php\/wp-json\/wp\/v2\/pages\/219\/revisions"}],"predecessor-version":[{"id":396,"href":"https:\/\/imagimaker.com.br\/index.php\/wp-json\/wp\/v2\/pages\/219\/revisions\/396"}],"wp:attachment":[{"href":"https:\/\/imagimaker.com.br\/index.php\/wp-json\/wp\/v2\/media?parent=219"}],"curies":[{"name":"wp","href":"https:\/\/api.w.org\/{rel}","templated":true}]}}