{"id":1032,"date":"2023-01-10T12:07:49","date_gmt":"2023-01-10T15:07:49","guid":{"rendered":"https:\/\/imagimaker.com.br\/?page_id=1032"},"modified":"2023-01-10T12:11:13","modified_gmt":"2023-01-10T15:11:13","slug":"extracurricular","status":"publish","type":"page","link":"https:\/\/imagimaker.com.br\/index.php\/extracurricular\/","title":{"rendered":"Extracurricular"},"content":{"rendered":"\n<section class=\"wp-block-uagb-section uagb-section__wrap uagb-section__background-image uagb-block-0b664a2e\" id=\"uagb-section-3b9d5a3c-0d4a-4680-b3c7-764525a432bf\"><div class=\"uagb-section__overlay\"><\/div><div class=\"uagb-section__inner-wrap\">\n<p><\/p>\n\n\n\n<div class=\"wp-block-uagb-advanced-heading uagb-block-4c33c87c\" id=\"uagb-adv-heading-de79df7c-0903-4d49-8b8e-8591933c385b\"><h3 class=\"uagb-heading-text\">Curso Extracurricular<\/h3><\/div>\n\n\n\n<section class=\"wp-block-uagb-columns uagb-columns__wrap uagb-columns__background-none uagb-columns__stack-mobile uagb-columns__valign- uagb-columns__gap-10 alignwide uagb-block-d9b64261 uagb-columns__columns-2 uagb-columns__max_width-custom uagb-columns__background-undefined uagb-columns__valign-undefined\" id=\"uagb-columns-068da03d-9f75-49e1-8ee8-e6331b8d59ce\"><div class=\"uagb-columns__overlay\"><\/div><div class=\"uagb-columns__inner-wrap uagb-columns__columns-2\">\n<div class=\"wp-block-uagb-column uagb-column__wrap uagb-column__background-image uagb-block-66e2910d\"><div class=\"uagb-column__overlay\"><\/div><\/div>\n\n\n\n<div class=\"wp-block-uagb-column uagb-column__wrap uagb-column__background-color uagb-block-d2c730a5\"><div class=\"uagb-column__overlay\"><\/div>\n<div class=\"wp-block-uagb-info-box uagb-block-925fcf64 uagb-infobox__content-wrap  uagb-infobox-icon-above-title uagb-infobox-image-valign-top uagb-infobox__outer-wrap\" id=\"uagb-infobox-af456459-d663-485f-a0bf-0bb23c730a76\"><div class=\"uagb-ifb-content\"><div class=\"uagb-ifb-icon-wrap\"><svg xmlns=\"https:\/\/www.w3.org\/2000\/svg\" viewBox=\"0 0 640 512\"><path d=\"M9.375 233.4C3.375 239.4 0 247.5 0 256v128c0 8.5 3.375 16.62 9.375 22.62S23.5 416 32 416h32V224H32C23.5 224 15.38 227.4 9.375 233.4zM464 96H352V32c0-17.62-14.38-32-32-32S288 14.38 288 32v64H176C131.8 96 96 131.8 96 176V448c0 35.38 28.62 64 64 64h320c35.38 0 64-28.62 64-64V176C544 131.8 508.3 96 464 96zM256 416H192v-32h64V416zM224 296C201.9 296 184 278.1 184 256S201.9 216 224 216S264 233.9 264 256S246.1 296 224 296zM352 416H288v-32h64V416zM448 416h-64v-32h64V416zM416 296c-22.12 0-40-17.88-40-40S393.9 216 416 216S456 233.9 456 256S438.1 296 416 296zM630.6 233.4C624.6 227.4 616.5 224 608 224h-32v192h32c8.5 0 16.62-3.375 22.62-9.375S640 392.5 640 384V256C640 247.5 636.6 239.4 630.6 233.4z\"><\/path><\/svg><\/div><div class=\"uagb-ifb-title-wrap\"><h3 class=\"uagb-ifb-title\">Tecnologia no curr\u00edculo escolar <\/h3><\/div><p class=\"uagb-ifb-desc\">Oferecemos um disciplina de rob\u00f3tica educacional para complementar o curr\u00edculo escolar, suprindo todas as necessidades da escola relacionadas a educa\u00e7\u00e3o tecnol\u00f3gica.<br>Atendemos desde a educa\u00e7\u00e3o infantil at\u00e9 o ensino m\u00e9dio, nossas aulas tem foco em tecnologias, mas s\u00e3o contextualizadas dentro da educa\u00e7\u00e3o STEAM (Science, Technology, Engineering, Arts, Mathematica), ou seja, todas as aulas comtemplam assuntos relacionados a ci\u00eancia, tecnologia, engenharia, arte e matem\u00e1tica.<br>Nossa proposta \u00e9 personalizada para cada escola, sempre contextualizada ao curr\u00edculo e cultura da escola e alinhada com a BNCC.<br> <br><\/p><div class=\"uagb-ifb-button-wrapper wp-block-button\"><a href=\"\" class=\"uagb-infobox-cta-link wp-block-button__link  uagb-disable-link\" target=\"_self\" rel=\"noopener noreferrer\" alt=\"\"><span class=\"uagb-inline-editing\">Saiba mais <\/span><svg xmlns=\"https:\/\/www.w3.org\/2000\/svg\" viewBox=\"0 0 512 512\"><path d=\"M488.6 104.1C505.3 122.2 513 143.8 511.9 169.8V372.2C511.5 398.6 502.7 420.3 485.4 437.3C468.2 454.3 446.3 463.2 419.9 464H92.02C65.57 463.2 43.81 454.2 26.74 436.8C9.682 419.4 .7667 396.5 0 368.2V169.8C.7667 143.8 9.682 122.2 26.74 104.1C43.81 87.75 65.57 78.77 92.02 78H121.4L96.05 52.19C90.3 46.46 87.42 39.19 87.42 30.4C87.42 21.6 90.3 14.34 96.05 8.603C101.8 2.868 109.1 0 117.9 0C126.7 0 134 2.868 139.8 8.603L213.1 78H301.1L375.6 8.603C381.7 2.868 389.2 0 398 0C406.8 0 414.1 2.868 419.9 8.603C425.6 14.34 428.5 21.6 428.5 30.4C428.5 39.19 425.6 46.46 419.9 52.19L394.6 78L423.9 78C450.3 78.77 471.9 87.75 488.6 104.1H488.6zM449.8 173.8C449.4 164.2 446.1 156.4 439.1 150.3C433.9 144.2 425.1 140.9 416.4 140.5H96.05C86.46 140.9 78.6 144.2 72.47 150.3C66.33 156.4 63.07 164.2 62.69 173.8V368.2C62.69 377.4 65.95 385.2 72.47 391.7C78.99 398.2 86.85 401.5 96.05 401.5H416.4C425.6 401.5 433.4 398.2 439.7 391.7C446 385.2 449.4 377.4 449.8 368.2L449.8 173.8zM185.5 216.5C191.8 222.8 195.2 230.6 195.6 239.7V273C195.2 282.2 191.9 289.9 185.8 296.2C179.6 302.5 171.8 305.7 162.2 305.7C152.6 305.7 144.7 302.5 138.6 296.2C132.5 289.9 129.2 282.2 128.8 273V239.7C129.2 230.6 132.6 222.8 138.9 216.5C145.2 210.2 152.1 206.9 162.2 206.5C171.4 206.9 179.2 210.2 185.5 216.5H185.5zM377 216.5C383.3 222.8 386.7 230.6 387.1 239.7V273C386.7 282.2 383.4 289.9 377.3 296.2C371.2 302.5 363.3 305.7 353.7 305.7C344.1 305.7 336.3 302.5 330.1 296.2C323.1 289.9 320.7 282.2 320.4 273V239.7C320.7 230.6 324.1 222.8 330.4 216.5C336.7 210.2 344.5 206.9 353.7 206.5C362.9 206.9 370.7 210.2 377 216.5H377z\"><\/path><\/svg><\/a><\/div><\/div><\/div>\n<\/div>\n<\/div><\/section>\n\n\n\n<div class=\"wp-block-button is-style-fill alignright\"><a class=\"wp-block-button__link has-very-dark-gray-color has-luminous-vivid-orange-background-color has-text-color has-background wp-element-button\" href=\"https:\/\/imagimaker.com.br\/index.php\/formacao-de-educadores\/\" style=\"border-radius:9px\" rel=\"https:\/\/imagimaker.com.br\/index.php\/formacao-de-educadores\/\">Saiba mais<\/a><\/div>\n<\/div><\/section>\n","protected":false},"excerpt":{"rendered":"","protected":false},"author":3,"featured_media":0,"parent":0,"menu_order":0,"comment_status":"closed","ping_status":"closed","template":"","meta":{"_uag_custom_page_level_css":""},"uagb_featured_image_src":{"full":false,"thumbnail":false,"medium":false,"medium_large":false,"large":false,"1536x1536":false,"2048x2048":false,"img-1100-450":false,"img-1120-800":false,"img-870-440":false,"img-850-600":false,"img-480-380":false,"img-300-225":false,"img-75-75":false},"uagb_author_info":{"display_name":"Ana Pscheidt","author_link":"https:\/\/imagimaker.com.br\/index.php\/author\/ana-pscheidt\/"},"uagb_comment_info":0,"uagb_excerpt":null,"_links":{"self":[{"href":"https:\/\/imagimaker.com.br\/index.php\/wp-json\/wp\/v2\/pages\/1032"}],"collection":[{"href":"https:\/\/imagimaker.com.br\/index.php\/wp-json\/wp\/v2\/pages"}],"about":[{"href":"https:\/\/imagimaker.com.br\/index.php\/wp-json\/wp\/v2\/types\/page"}],"author":[{"embeddable":true,"href":"https:\/\/imagimaker.com.br\/index.php\/wp-json\/wp\/v2\/users\/3"}],"replies":[{"embeddable":true,"href":"https:\/\/imagimaker.com.br\/index.php\/wp-json\/wp\/v2\/comments?post=1032"}],"version-history":[{"count":4,"href":"https:\/\/imagimaker.com.br\/index.php\/wp-json\/wp\/v2\/pages\/1032\/revisions"}],"predecessor-version":[{"id":1256,"href":"https:\/\/imagimaker.com.br\/index.php\/wp-json\/wp\/v2\/pages\/1032\/revisions\/1256"}],"wp:attachment":[{"href":"https:\/\/imagimaker.com.br\/index.php\/wp-json\/wp\/v2\/media?parent=1032"}],"curies":[{"name":"wp","href":"https:\/\/api.w.org\/{rel}","templated":true}]}}